{"id":39566,"date":"2021-12-21T16:28:44","date_gmt":"2021-12-21T14:28:44","guid":{"rendered":"https:\/\/solmu.eu\/asukkaidenespoo\/?page_id=39566"},"modified":"2021-12-21T16:51:31","modified_gmt":"2021-12-21T14:51:31","slug":"miten-espoon-keskus-on-vastannut-asukkaiden-kehitystoiveisiin","status":"publish","type":"page","link":"https:\/\/solmu.eu\/asukkaidenespoo\/miten-espoon-keskus-on-vastannut-asukkaiden-kehitystoiveisiin\/","title":{"rendered":"Miten Espoon keskus on vastannut asukkaiden kehitystoiveisiin"},"content":{"rendered":"<p>Teksti ja kuva: Kari Sipil\u00e4, Vanha-Espoon Asukasfoorumin ent. puheenjohtaja<br \/>\nJulkaistu Keski-Espoon Sanomissa 4\/2021<\/p>\n<p>Espoon kaupungin ja asukkaiden sek\u00e4 yhdistysten yhteinen asukasfoorumitoiminta pyrki kahden valtuustokauden aikana kehitt\u00e4m\u00e4\u00e4n Espoon eri suuralueita monin tavoin. Asukasfoorumitoiminta on nyt p\u00e4\u00e4ttynyt ja uusia yhteisty\u00f6muotoja on valmisteltu. Er\u00e4s toiminnan muoto &#8211; ennen koronaa &#8211; olivat yleiset asukastilaisuudet.<\/p>\n<p><img loading=\"lazy\" decoding=\"async\" class=\"alignright size-full wp-image-39567\" src=\"https:\/\/solmu.eu\/asukkaidenespoo\/wp-content\/uploads\/2021\/12\/Vanha-Espoo-asukasfoorumi.jpg\" alt=\"\" width=\"508\" height=\"240\" srcset=\"https:\/\/solmu.eu\/asukkaidenespoo\/wp-content\/uploads\/2021\/12\/Vanha-Espoo-asukasfoorumi.jpg 508w, https:\/\/solmu.eu\/asukkaidenespoo\/wp-content\/uploads\/2021\/12\/Vanha-Espoo-asukasfoorumi-300x142.jpg 300w\" sizes=\"auto, (max-width: 508px) 100vw, 508px\" \/>Asukasfoorumi Espoon keskuksen l\u00e4hivuosien kehityksest\u00e4 ja haasteista j\u00e4rjestettiin tiistaina 20.3.2018\u00a0Espoon valtuustotalon kahviossa. Tilaisuudesta laadittiin muistio, joka l\u00e4hetettiin laajalla jakelulla luottamushenkil\u00f6ille ja toimihenkil\u00f6ille sek\u00e4 asukkaille ja asiaa k\u00e4siteltiin my\u00f6s mm. Keski-Espoon Sanomissa. Tilaisuudesta on nyt kulunut runsaat kaksi ja puoli vuotta. Sin\u00e4 aikana on valittu uusi valtuusto ja lautakunnat ja lis\u00e4ksi kaupunki on uusinut organisaatiotaan. Asukasluku kasvaa, mutta Espoon talous on tiukoilla. Miten asukkaiden mielipiteet ja toiveet ovat vaikuttaneet?<\/p>\n<p><strong>Onko Espoon keskus muuttunut viime vuosina?<\/strong><\/p>\n<p>Katsokaamme nyt, mihin asioihin siin\u00e4 tilaisuudessa kiinnitettiin huomiota, mihin oltiin tyytyv\u00e4isi\u00e4 ja mihin kritiikki suuntautui. Mit\u00e4 on saatu aikaan? Mit\u00e4 on n\u00e4iss\u00e4 asioissa tapahtunut parin kolmen vuoden aikana?<\/p>\n<p>Keskeiset teemat tilaisuudessa olivat<\/p>\n<ul style=\"margin-bottom: 12px;\">\n<li>Mitk\u00e4 ovat Espoon keskuksen tavoitteet sek\u00e4 haasteet ja menestystekij\u00e4t?<\/li>\n<li>Toimivatko terveyskeskukset, kirjasto, oppilaitokset ja liikennej\u00e4rjestelyt hyvin?<\/li>\n<li>Mik\u00e4 ja kenelle on tuleva Espoolaisten talo?<\/li>\n<li>Ovatko asiakkaat tyytyv\u00e4isi\u00e4 alueen liikkeisiin ja laajenevatko kaupalliset palvelut?<\/li>\n<li>Mit\u00e4 l\u00e4hivuosina toteutetaan, mihin ja kenelle tulee uusia asuntoja?<\/li>\n<li>Miten asukkaat voisivat vaikuttaa alueillaan nykyist\u00e4 paremmin?<\/li>\n<\/ul>\n<p>Alustajina olivat<\/p>\n<ul style=\"margin-bottom: 12px;\">\n<li>Kaupunkisuunnittelulautakunnan pj Jouni J S\u00e4rkij\u00e4rvi, Espoo<\/li>\n<li>Kaupunkisuunnittelujohtaja Torsti Hokkanen, Espoo<\/li>\n<li>Varapuheenjohtaja Toivo Hursti, Nuorisovaltuusto<\/li>\n<li>Kauppakeskusp\u00e4\u00e4llikk\u00f6 Hannis Raitanen, Entresse\/CBRE<\/li>\n<\/ul>\n<p>Lis\u00e4ksi oli runsaasti asukkaiden, yhdistysten ja yritysten edustajien | puheenvuoroja, kysymyksi\u00e4 ja keskustelua. Osallistujia tilaisuudessa oli noin 120 henkil\u00f6\u00e4. Tilaisuuden puheenjohtajana oli Vanha-Espoon Asukasfoorumin puheenjohtaja Kari Sipil\u00e4.<\/p>\n<p>Alustusten j\u00e4lkeen k\u00e4ydyss\u00e4 vilkkaassa keskustelussa ja asian valmisteluvaiheissa nousi esiin mm. seuraavia Espoon keskuksen l\u00e4hivuosiin liittyvi\u00e4 mielipiteit\u00e4, asioita, ehdotuksia tai kommentteja:<\/p>\n<p><strong>Mielipiteit\u00e4, mit\u00e4 hyv\u00e4\u00e4 Espoon keskuksessa<\/strong><\/p>\n<ul style=\"margin-bottom: 12px;\">\n<li>kaunis historiallinen alue, kirkko, Espoonjoki, keskuspuisto l\u00e4hell\u00e4, positiivisia piirteit\u00e4 tuotava esiin<\/li>\n<li>hyv\u00e4 liikenteellinen sijainti rantaradan ja Turunv\u00e4yl\u00e4n sek\u00e4 Keh\u00e4 3:n l\u00e4heisyydess\u00e4, junayhteys Helsinkiin, vaikka kaupunkirata puuttuu<\/li>\n<li>Samarian terveyskeskus ja Oma l\u00e4\u00e4k\u00e4risi-terveysasema<\/li>\n<li>merkitt\u00e4v\u00e4 koulutuksen keskittym\u00e4, mm Kuninkaantien lukio ja Omnia<\/li>\n<li>uimahalli, urheilukeskus, Kannusilta ja Kannusali<\/li>\n<li>Entressen kirjasto<\/li>\n<li>alueella on jonkin verran liikkeit\u00e4, mutta hajanaisesti ja tarjonnan monipuolisuus on kaventunut<\/li>\n<li>sis\u00e4parkkipaikat Entressess\u00e4 ja Espoontorilla<\/li>\n<li>kaupungin virastoja on l\u00e4hell\u00e4 toisiaan, ainakin toistaiseksi, tosin osin hajallaan<\/li>\n<\/ul>\n<p><strong>Mielipiteit\u00e4 haasteista, ongelmista ja parannustoiveista Espoon keskuksessa<\/strong><\/p>\n<ul style=\"margin-bottom: 12px;\">\n<li>tuleeko Espoon keskuksen toiminnalle ongelmia, jos Lommila kauppoineen rakennetaan, viek\u00f6 se liikkeet ja asiakkaat ja kuihduttaako Espoon keskusta?<\/li>\n<li>virastokeskuksen ja kaupungintalon alueen nykyaikaistamisen p\u00e4\u00e4t\u00f6kset ja toteutus venyneet pahasti ja tilanne on sekava edelleen, kaavat viipyv\u00e4t ja kaikesta valitetaan<\/li>\n<li>tarvitaan lis\u00e4\u00e4 eri alojen liikkeit\u00e4. Espoontorin aulaa ja ymp\u00e4rist\u00f6\u00e4 ei en\u00e4\u00e4 pidet\u00e4 houkuttelevana<\/li>\n<li>onko Espoon ja sen keskuksen asukasm\u00e4\u00e4r\u00e4 ja sen kasvu ja rakenne hallinnassa, ovatko omistus- ja vuokra-asunnot oikeassa tasapainossa ja mist\u00e4 uudet asukkaat muuttavat Espoon keskukseen?<\/li>\n<li>vihre\u00e4 parkkitalo Suviniityss\u00e4 ei ole alueen kaunistus, mik\u00e4 on rakennusvalvonnan rooli?<\/li>\n<li>miksei ole senioreille El\u00e4 ja asu -keskusta ja miksi se viipyy? Kuka vastaa asiasta?<\/li>\n<li>tuleeko uuteen Espoolaistentaloon yhdistysten kokoontumistiloja ja pienyritysten toimitiloja<\/li>\n<li>miksi ns. Sunan navetta ihan keskuksen tuntumassa on edelleen varastona eik\u00e4 sen tiloja saada nykyaikaiseen k\u00e4ytt\u00f6\u00f6n, esimerkiksi pienyrityksille, k\u00e4sity\u00f6l\u00e4isille tai taiteilijoille?<\/li>\n<li>kaupunkirata on viiv\u00e4stynyt ja viiv\u00e4stynee edelleen eiv\u00e4tk\u00e4 pikajunat en\u00e4\u00e4 pys\u00e4hdy<\/li>\n<li>Siltakadulla ei ole pys\u00e4kkisyvennyksi\u00e4 busseille. Pys\u00e4kille pys\u00e4htyv\u00e4 bussi pys\u00e4ytt\u00e4\u00e4 taakseen muun liikenteen, kun ohi ei mahdu.<\/li>\n<li>liitynt\u00e4liikenne monelta Vanha-Espoon alueelta L\u00e4nsimetroon on hidas ja moni matka-aika on kasvanut Matinkyl\u00e4n vaihdon vuoksi suoriin bussilinjoihin verrattuna<\/li>\n<li>tarvitaan takaisin suoria bussilinjoja Helsinkiin Vanha-Espoon monilta alueitta<\/li>\n<li>bussiyhteys Tapiolaan on vaikea ja hidas, yhdyskatu Kuurinniityst\u00e4 Suurpellon kautta puuttuu ja on viiv\u00e4stynyt, miksei linja 118 aja edes t\u00e4ss\u00e4 vaiheessa Kuurinniityn ja Tuomarilan kautta, miss\u00e4 ihmiset asuvat, miksi se menee Turunv\u00e4yl\u00e4\u00e4 pitkin, miss\u00e4 ei asu ihmisi\u00e4 eik\u00e4 ole pys\u00e4kkej\u00e4?<\/li>\n<li>Espoon aseman l\u00e4heinen liitynt\u00e4pys\u00e4k\u00f6intialue t\u00e4ynn\u00e4, riitt\u00e4\u00e4k\u00f6 laajennus?<\/li>\n<li>usein ei alueella kerrota tai tiedet\u00e4, mit\u00e4 korjataan tai rakennetaan ja koska valmistuu, saisiko paremmin tietoa alueen rakennustoimenpiteist\u00e4 kyltteihin tai vaikka nettiin<\/li>\n<li>monet keskeiset paikat keskener\u00e4isi\u00e4 vuodesta toiseen ja tilap\u00e4isratkaisuja kuten autokatsastus<\/li>\n<li>Espoo vastaa palautteisiin, mutta varsin harvoin sen j\u00e4lkeen tehd\u00e4\u00e4n mit\u00e4\u00e4n parannustoimenpiteit\u00e4<\/li>\n<\/ul>\n<p><strong>Mit\u00e4 on ehditty tehd\u00e4 viime vuosina?<\/strong><\/p>\n<p>Edell\u00e4 oleva tyytyv\u00e4isyyslista on suunnilleen ennallaan, lis\u00e4n\u00e4 voisi todeta Omal\u00e4\u00e4k\u00e4risi\/Mehil\u00e4isen lis\u00e4ksi avattu toinen palveluseteliasema Terveystalo. Lis\u00e4ksi Samaria on toiminut aktiivisesti my\u00f6s\u00a0korona-asemana.<\/p>\n<p>My\u00f6nteisin\u00e4 tapahtumina em. toive- ja kritiikkilistalta voi poimia, ett\u00e4 senioreille on avattu palvelutila Espoontorin 3. kerroksessa. Espoolaisten talon suunnittelu jatkuu ja sen suunnitelmissa lienee tiloja my\u00f6s yhdistyksille, mutta kovin hitaasti hanke etenee. Kuitenkin vanhoja virastotaloja on jo tielt\u00e4 purettu ja niiden toiminnat on siirretty muualle Espooseen, suurelta osin Otaniemeen. Samoin on\u00a0purettu osa radan ylitt\u00e4v\u00e4\u00e4 siltaa. Kaupunkiradan suunnittelu ja rahoitus ovat nytk\u00e4ht\u00e4neet eteenp\u00e4in ja mittauksia n\u00e4kyy maastossa.<\/p>\n<p>Bussiyhteys Espoon keskuksesta Kuurinniityn l\u00e4pi Suurpeltoon ja Tapiolaan on n\u00e4k\u00f6piiriss\u00e4 ja bussikatu alkaa olla valmis. Bussilinjan 118 siirtyminen uudelle reitille tapahtunee vuonna 2022.<\/p>\n<p>Espoon aseman liitynt\u00e4pys\u00e4k\u00f6intialuetta on laajennettu ja sielt\u00e4 yleens\u00e4 l\u00f6ytyy tilaa.<\/p>\n<p>L\u00e4heisell\u00e4 Suvelan alueella puretaan muutaman vuosikymmenen ik\u00e4isi\u00e4 kerrostaloja ja rakennetaan uusia.<\/p>\n<p>Kaupunki ei kuitenkaan ole Espoon keskuksen viimeaikaisissa muutoksissa kysynyt muutoin kuin s\u00e4\u00e4d\u00f6ksiin ja m\u00e4\u00e4r\u00e4yksiin perustuvissa yksitt\u00e4ishankkeissa kaupunkilaisten mielipidett\u00e4, toiveita, tarpeita ja ohjausta. Kaupungin hallinto olisi oma-aloitteisesti voinut k\u00e4ytt\u00e4\u00e4 Asukasfoorumia ja alueellisia yhdistyksi\u00e4 siltana toimenpiteiksi, millaiseksi alueen asukkaat haluavat kotiseutunsa muuttuvan ja miten Espoon tarina eli strategia alueella toteutuu.<\/p>\n<p>Listalla ei ollut Pohjois- ja Keski-Espoon yleiskaavaa (POKE), jonka silloin uskottiin etenev\u00e4n. Kuitenkin t\u00e4n\u00e4 vuonna vain osa yleiskaavasta hyv\u00e4ksyttiin ja osaa oli muutettava, mutta Espoon keskuksen aluetta koskeva yleiskaava rajattiin hyv\u00e4ksymisen ulkopuolelle. Sill\u00e4 alueella kaavoitus nojaa edelleen vanhaan yleiskaavaan. Uuden yleiskaavan tekemist\u00e4 saattaisi edelt\u00e4\u00e4 Espoon keskuksen nykyaikaistamiseen liittyvi\u00e4 tutkimuksia, selvityksi\u00e4 ja visioita. Samoin ep\u00e4selvyydet vanhan kaupungintalon osalta jatkuvat, tyhj\u00e4 talo on paikallaan, mutta edustan tori on rakennettu siistiksi taideteoksineen.<\/p>\n<p>Osa toive- ja kritiikkilistasta suuntautui pitemm\u00e4lle tulevaisuuteen, mutta monet olivat silloin ja ovat edelleen ajankohtaisia. P\u00e4\u00e4osin lista on siis ennallaan, mit\u00e4\u00e4n ei ole tapahtunut, toiveet ja ehdotukset eiv\u00e4t ole edenneet eiv\u00e4tk\u00e4 ole johtaneet konkreettisiin toimenpiteisiin. Kaikki ei ole rahasta kiinni, vaan ehk\u00e4 asenteista, prioriteeteista tai kiinnostuksesta kotiseutuun.<\/p>\n","protected":false},"excerpt":{"rendered":"<p>Teksti ja kuva: Kari Sipil\u00e4, Vanha-Espoon Asukasfoorumin ent. puheenjohtaja Julkaistu Keski-Espoon Sanomissa 4\/2021 Espoon kaupungin ja asukkaiden sek\u00e4 yhdistysten yhteinen asukasfoorumitoiminta pyrki kahden valtuustokauden aikana kehitt\u00e4m\u00e4\u00e4n Espoon eri suuralueita monin tavoin. Asukasfoorumitoiminta on nyt p\u00e4\u00e4ttynyt ja uusia yhteisty\u00f6muotoja on <span class=\"excerpt-dots\">&hellip;<\/span> <a class=\"more-link\" href=\"https:\/\/solmu.eu\/asukkaidenespoo\/miten-espoon-keskus-on-vastannut-asukkaiden-kehitystoiveisiin\/\"><span class=\"more-msg\">Jatka lukemista &rarr;<\/span><\/a><\/p>\n","protected":false},"author":1,"featured_media":0,"parent":0,"menu_order":0,"comment_status":"closed","ping_status":"closed","template":"","meta":{"_uag_custom_page_level_css":"","_monsterinsights_skip_tracking":false,"_monsterinsights_sitenote_active":false,"_monsterinsights_sitenote_note":"","_monsterinsights_sitenote_category":0,"footnotes":""},"class_list":["post-39566","page","type-page","status-publish","hentry"],"featured_image_src":null,"uagb_featured_image_src":{"full":false,"thumbnail":false,"medium":false,"medium_large":false,"large":false,"1536x1536":false,"2048x2048":false},"uagb_author_info":{"display_name":"Esko Uotila","author_link":"https:\/\/solmu.eu\/asukkaidenespoo\/author\/admin\/"},"uagb_comment_info":0,"uagb_excerpt":"Teksti ja kuva: Kari Sipil\u00e4, Vanha-Espoon Asukasfoorumin ent. puheenjohtaja Julkaistu Keski-Espoon Sanomissa 4\/2021 Espoon kaupungin ja asukkaiden sek\u00e4 yhdistysten yhteinen asukasfoorumitoiminta pyrki kahden valtuustokauden aikana kehitt\u00e4m\u00e4\u00e4n Espoon eri suuralueita monin tavoin. Asukasfoorumitoiminta on nyt p\u00e4\u00e4ttynyt ja uusia yhteisty\u00f6muotoja on &hellip; Jatka lukemista &rarr;","_links":{"self":[{"href":"https:\/\/solmu.eu\/asukkaidenespoo\/wp-json\/wp\/v2\/pages\/39566","targetHints":{"allow":["GET"]}}],"collection":[{"href":"https:\/\/solmu.eu\/asukkaidenespoo\/wp-json\/wp\/v2\/pages"}],"about":[{"href":"https:\/\/solmu.eu\/asukkaidenespoo\/wp-json\/wp\/v2\/types\/page"}],"author":[{"embeddable":true,"href":"https:\/\/solmu.eu\/asukkaidenespoo\/wp-json\/wp\/v2\/users\/1"}],"replies":[{"embeddable":true,"href":"https:\/\/solmu.eu\/asukkaidenespoo\/wp-json\/wp\/v2\/comments?post=39566"}],"version-history":[{"count":5,"href":"https:\/\/solmu.eu\/asukkaidenespoo\/wp-json\/wp\/v2\/pages\/39566\/revisions"}],"predecessor-version":[{"id":39573,"href":"https:\/\/solmu.eu\/asukkaidenespoo\/wp-json\/wp\/v2\/pages\/39566\/revisions\/39573"}],"wp:attachment":[{"href":"https:\/\/solmu.eu\/asukkaidenespoo\/wp-json\/wp\/v2\/media?parent=39566"}],"curies":[{"name":"wp","href":"https:\/\/api.w.org\/{rel}","templated":true}]}}