{"id":39590,"date":"2022-01-01T09:26:18","date_gmt":"2022-01-01T07:26:18","guid":{"rendered":"https:\/\/solmu.eu\/asukkaidenespoo\/?page_id=39590"},"modified":"2022-01-01T09:26:18","modified_gmt":"2022-01-01T07:26:18","slug":"asukkaiden-espoon-vuosi-2021","status":"publish","type":"page","link":"https:\/\/solmu.eu\/asukkaidenespoo\/asukkaiden-espoon-vuosi-2021\/","title":{"rendered":"Asukkaiden Espoon vuosi 2021"},"content":{"rendered":"<p>Asukkaiden Espoo on nyt toiminut nelj\u00e4 vuotta. Toiminnasta tiedotetaan omilla verkkosivuilla Asukkaiden Espoo ja Facebookissa. Asukkaiden Espoon Facebook-ryhm\u00e4ss\u00e4 Asukkaiden Espoo | Facebook on noin 1300 j\u00e4sent\u00e4. Toimintaa asukkaiden osallistumis- ja vaikuttamismahdollisuuksien parantamiseksi kehitt\u00e4\u00e4 ja toteuttaa espoolaisen asukasaktiivin ydinryhm\u00e4, jossa on yli 10 j\u00e4sent\u00e4.<\/p>\n<h4>Asukasosallisuus murroksessa<\/h4>\n<p>Valtuustokausi vaihtui vuonna 2021, ja t\u00e4ll\u00e4 oli merkitt\u00e4v\u00e4 vaikutus asukasosallisuuteen liittyv\u00e4\u00e4n kaupungin toimintaan. Asukasfoorumitoiminta loppui k\u00e4yt\u00e4nn\u00f6ss\u00e4 jo ennen valtuustokauden p\u00e4\u00e4ttymist\u00e4, eik\u00e4 korvaavaa asukastoimintaa ole saatu k\u00e4ynnistetty\u00e4, ja sen suunnittelukin on viel\u00e4 kesken.<\/p>\n<p>Asukkaiden Espoo j\u00e4rjesti ennen kes\u00e4kuun 2021 kuntavaaleja vaalikyselyn espoolaisille kuntavaaliehdokkaille. Vaalikyselyn vastauksissa valtuustoehdokkaidet antoivat laajan tuen tavoitteillemme ja asukasosallisuuden kehitt\u00e4miselle.<\/p>\n<p>Espoo p\u00e4\u00e4tti lopettaa Osallistuva Espoo -kehitysohjelman edelliseen valtuustokauteen. T\u00e4m\u00e4 oli takaisku asukasosallisuuden parantamisen kannalta. Sen tilalle tuli Tapahtumien yhteis\u00f6llinen Espoo -kehitysohjelma, jonka tavoitteena on luoda pohjaa nykyist\u00e4 vahvemmalle espoolaiselle tapahtumakulttuurille. My\u00f6s Kest\u00e4v\u00e4 Espoo -kehitysohjelmassa tavoitteena saada asukkaat mukaan. Asukkaiden vaikuttamismahdollisuuksien ja demokratian kehitt\u00e4mist\u00e4 ei n\u00e4iss\u00e4 ohjelmissa painoteta.<\/p>\n<p>Espoon osallisuusmalli Kuulemisesta kumppanuuteen hyv\u00e4ksyttiin kev\u00e4\u00e4ll\u00e4, mutta sen soveltamisesta ei ole selke\u00e4\u00e4 suunnitelmaa tai toimenpiteit\u00e4. Vaarana on, ett\u00e4 osallisuusmalli j\u00e4tet\u00e4\u00e4n unohtumaan edellisen valtuuston tuotoksena.<\/p>\n<h4>Miten osallisuus kehittyy alkaneella valtuustokaudella?<\/h4>\n<p>Uusi Espoo-tarina hyv\u00e4ksyttiin uuden valtuustokauden alussa. Sen mukaan Espoo on edelleen asukas- ja asiakaskeskeinen. Muutokset edelliseen Espoo-tarinaan eiv\u00e4t ole merkitt\u00e4vi\u00e4, ja ratkaisevaa onkin, miten strategian tavoitteet vaikuttavat k\u00e4yt\u00e4nn\u00f6n toimintaan.<\/p>\n<p>Kaupunki on j\u00e4rjest\u00e4nyt korona-aikana asukastilaisuuksia et\u00e4tilaisuuksina. Jatkossa l\u00e4hi- ja et\u00e4tilaisuudet ja niiden yhdistelm\u00e4t tulevat jatkumaan, ja on t\u00e4rke\u00e4\u00e4, ett\u00e4 kaikille kiinnostuneille tarjotaan mahdollisuus osallistua ja saada tietoa. Kaupunki k\u00e4ytt\u00e4\u00e4 satunnaisesti otakantaa.fi-palvelua palautteen ker\u00e4\u00e4miseen ja keskusteluun, ja t\u00e4t\u00e4 toimintaa tulisikin merkitt\u00e4v\u00e4sti laajentaa.<\/p>\n<p>Espoon verkkosivut uudistettiin vuoden aikana. Sen seurauksena suuri osa vanhojen verkkosivujen sis\u00e4ll\u00f6st\u00e4 on kadonnut. Esimerkkej\u00e4 asukasosallisuuteen liittyvist\u00e4 kadonneista tiedoista ovat asukasfoorumitoiminnan ja Osallistuva Espoo -kehitysohjelman aineistot.<\/p>\n<p>Uusille sivuille ei toistaiseksi ole saatu luotua uutta vuorovaikutteisuutta esim. uutiskirjeiden muodossa. Verkkosivujen uudistuksen my\u00f6t\u00e4 my\u00f6sk\u00e4\u00e4n Asukkaiden Espoon omissa uutiskirjeiss\u00e4 ei en\u00e4\u00e4 voida tarjota alueittain tai palvelukohtaisesti rajattuja uutisia Espoon sivuilta.<\/p>\n<h4>Asukkaiden Espoon toimintaa<\/h4>\n<p>Asukkaiden Espoo -ryhm\u00e4 toimitti 18.2.2021 kaupunginjohtaja Jukka M\u00e4kel\u00e4lle avoimen kirjeen kehitysohjelmiin ja osallisuumalliin liittyen. Korostimme tarvetta sis\u00e4llytt\u00e4\u00e4 asukasosallisuus kaupungin hallintos\u00e4\u00e4nt\u00f6\u00f6n ja toimialojen tulostavoitteisiin ja toimintaan. Painotimme my\u00f6s uuden verkkosivuston merkityst\u00e4 ja johdon roolia toiminnan ohjauksessa ja valvonnassa sek\u00e4 alueellista n\u00e4k\u00f6kulmaa toteutuksessa.<\/p>\n<p>Asukkaiden Espoon kuntavaaliehdokkaille tekem\u00e4n kuntavaalikyselyn raportti on luettavissa sivulla Raportti osallisuuskyselyst\u00e4 kuntavaaliehdokkaille 2021. Kyselyyn vastasi 130 kuntavaaliehdokasta. Osallisuusmallin ja Espoo-tarinan mukaista osallisuuden kehitt\u00e4mist\u00e4 kannatettiin laajasti, mutta toimeenpanoon tarvittavia prosesseja ja resursseja pidettiin riitt\u00e4m\u00e4tt\u00f6min\u00e4. Asukkaiden, luottamushenkil\u00f6iden ja viranhaltijoiden vuorovaikutuksen ja alueellisen osallistumisen parantamiseksi esitettiin lukuisia ehdotuksia.<\/p>\n<p>Uusille valtuutetuille l\u00e4hetettiin 29.8.2021 viesti, jossa muistutettiin Asukkaiden Espoon vuonna 2019 tekem\u00e4st\u00e4 kuntalaisaloitteesta ja vaaliehdokkaille tehdyn kyselyn tuloksista ja toivottiin asukkaiden osallistumis- ja vaikuttamismahdollisuuden kehitt\u00e4mist\u00e4 alkaneella valtuustokaudella. Asukkaiden osallistumis- ja vaikuttamismahdollisuuksia on parannettava<\/p>\n<p>Asukkaiden Espoo -ty\u00f6ryhm\u00e4n j\u00e4seni\u00e4 osallistui kaupungin 9.11.2021 j\u00e4rjest\u00e4m\u00e4\u00e4n ty\u00f6pajaan asukasfoorumeiden tilalle kehitett\u00e4v\u00e4st\u00e4 uudesta asukastoiminnan mallista. AE-ty\u00f6ryhm\u00e4 teki ehdotuksen asukkaiden alueellisen osallistumisen ja vaikuttamisen toimintamalliksi.<\/p>\n<p>Asukkaiden Espoo -ryhm\u00e4 on pit\u00e4nyt tiiviisti yhteytt\u00e4 kaupungin asukasosallisuuden kehitt\u00e4misest\u00e4 vastaavaan kehitt\u00e4misp\u00e4\u00e4llikk\u00f6 Marion Tickl\u00e9niin.<\/p>\n<p><em>Esko Uotila<\/em><\/p>\n","protected":false},"excerpt":{"rendered":"<p>Asukkaiden Espoo on nyt toiminut nelj\u00e4 vuotta. Toiminnasta tiedotetaan omilla verkkosivuilla Asukkaiden Espoo ja Facebookissa. Asukkaiden Espoon Facebook-ryhm\u00e4ss\u00e4 Asukkaiden Espoo | Facebook on noin 1300 j\u00e4sent\u00e4. Toimintaa asukkaiden osallistumis- ja vaikuttamismahdollisuuksien parantamiseksi kehitt\u00e4\u00e4 ja toteuttaa espoolaisen asukasaktiivin ydinryhm\u00e4, jossa <span class=\"excerpt-dots\">&hellip;<\/span> <a class=\"more-link\" href=\"https:\/\/solmu.eu\/asukkaidenespoo\/asukkaiden-espoon-vuosi-2021\/\"><span class=\"more-msg\">Jatka lukemista &rarr;<\/span><\/a><\/p>\n","protected":false},"author":1,"featured_media":0,"parent":0,"menu_order":0,"comment_status":"closed","ping_status":"closed","template":"","meta":{"_uag_custom_page_level_css":"","_monsterinsights_skip_tracking":false,"_monsterinsights_sitenote_active":false,"_monsterinsights_sitenote_note":"","_monsterinsights_sitenote_category":0,"footnotes":""},"class_list":["post-39590","page","type-page","status-publish","hentry"],"featured_image_src":null,"uagb_featured_image_src":{"full":false,"thumbnail":false,"medium":false,"medium_large":false,"large":false,"1536x1536":false,"2048x2048":false},"uagb_author_info":{"display_name":"Esko Uotila","author_link":"https:\/\/solmu.eu\/asukkaidenespoo\/author\/admin\/"},"uagb_comment_info":0,"uagb_excerpt":"Asukkaiden Espoo on nyt toiminut nelj\u00e4 vuotta. Toiminnasta tiedotetaan omilla verkkosivuilla Asukkaiden Espoo ja Facebookissa. Asukkaiden Espoon Facebook-ryhm\u00e4ss\u00e4 Asukkaiden Espoo | Facebook on noin 1300 j\u00e4sent\u00e4. Toimintaa asukkaiden osallistumis- ja vaikuttamismahdollisuuksien parantamiseksi kehitt\u00e4\u00e4 ja toteuttaa espoolaisen asukasaktiivin ydinryhm\u00e4, jossa &hellip; Jatka lukemista &rarr;","_links":{"self":[{"href":"https:\/\/solmu.eu\/asukkaidenespoo\/wp-json\/wp\/v2\/pages\/39590","targetHints":{"allow":["GET"]}}],"collection":[{"href":"https:\/\/solmu.eu\/asukkaidenespoo\/wp-json\/wp\/v2\/pages"}],"about":[{"href":"https:\/\/solmu.eu\/asukkaidenespoo\/wp-json\/wp\/v2\/types\/page"}],"author":[{"embeddable":true,"href":"https:\/\/solmu.eu\/asukkaidenespoo\/wp-json\/wp\/v2\/users\/1"}],"replies":[{"embeddable":true,"href":"https:\/\/solmu.eu\/asukkaidenespoo\/wp-json\/wp\/v2\/comments?post=39590"}],"version-history":[{"count":1,"href":"https:\/\/solmu.eu\/asukkaidenespoo\/wp-json\/wp\/v2\/pages\/39590\/revisions"}],"predecessor-version":[{"id":39591,"href":"https:\/\/solmu.eu\/asukkaidenespoo\/wp-json\/wp\/v2\/pages\/39590\/revisions\/39591"}],"wp:attachment":[{"href":"https:\/\/solmu.eu\/asukkaidenespoo\/wp-json\/wp\/v2\/media?parent=39590"}],"curies":[{"name":"wp","href":"https:\/\/api.w.org\/{rel}","templated":true}]}}