{"id":776,"date":"2018-11-14T06:56:23","date_gmt":"2018-11-14T06:56:23","guid":{"rendered":"https:\/\/solmu.eu\/asukkaidenespoo\/?page_id=776"},"modified":"2018-11-14T07:05:07","modified_gmt":"2018-11-14T07:05:07","slug":"raittikysely2018","status":"publish","type":"page","link":"https:\/\/solmu.eu\/asukkaidenespoo\/raittikysely2018\/","title":{"rendered":"Onko raitilla kaikki hyvin? &#8211; nettikyselyn yhteenveto"},"content":{"rendered":"<div style=\"max-width: 800px;\">\n<p><strong>Tiistaina 23.10.2018 toteutettiin Lepp\u00e4vaara-seuran, Asukkaiden Espoon ja Espoon kaupungin\u00a0yhteisty\u00f6n\u00e4 Onko raitilla kaikki hyvin? &#8211; k\u00e4vely. Reitti kulki Lepp\u00e4vaaran urheilupuistosta\u00a0L\u00e4kkitorille oheiselle kartalle piirretyn reitin mukaisesti. Samanaikaisesti toteutettiin nettikysely,\u00a0johon oli vastausaikaa 4.11.2018 asti. Kyselyyn saatiin 30 vastausta. Reitin varrelta etsittiin\u00a0kohteita, jotka ovat asukkaille mieluisia ja joissa on mukava viett\u00e4\u00e4 aikaa. Haluttiin kuulla my\u00f6s\u00a0paikoista, joissa liikkuminen tuntuu ep\u00e4mukavalta tai turvattomalta. Lis\u00e4ksi haluttiin kuulla\u00a0ideoita siit\u00e4, miten kaupunkiymp\u00e4rist\u00f6\u00e4 keskuksemme keskeisell\u00e4 k\u00e4velyreitill\u00e4 tulisi parantaa.\u00a0<\/strong><\/p>\n<p><strong>Seuraavassa on tiivistelm\u00e4 nettikyselyyn kohteittain saaduista vastauksista.<\/strong><\/p>\n<p><img decoding=\"async\" style=\"width: 100%;\" src=\"https:\/\/solmu.eu\/asukkaidenespoo\/wp-content\/uploads\/2018\/11\/lepuski_aukiot_kartta1.png\" alt=\"\" \/><\/p>\n<h4>1. Urheiluaukio<\/h4>\n<p>Urheilupuiston syd\u00e4mess\u00e4 olevan Urheiluaukion viihtyisyys kaipaa kehitt\u00e4mist\u00e4, samoin sielt\u00e4\u00a0eri suuntiin johtavat kulkureitit sek\u00e4 opastukset kaipaavat selkeytt\u00e4mist\u00e4. Erityisesti\u00a0Lintuvaarantien alitse kulkevan tunnelin turvattomuus nousi vastauksissa vahvasti esille.\u00a0Aukiolla kes\u00e4isin palvelevaan kuntokonttiin ja j\u00e4\u00e4tel\u00f6kioskiin ollaan tyytyv\u00e4isi\u00e4, mutta aukiolle\u00a0toivotaan lis\u00e4\u00e4 oheispalveluita.<\/p>\n<p><strong>Parannusehdotuksia:<\/strong><\/p>\n<ul style=\"margin-bottom: 1em;\">\n<li>Skidikontti, jossa olisi v\u00e4lineit\u00e4 lasten k\u00e4ytt\u00f6\u00f6n (hyppykeppej\u00e4, skeitti- ja potkulautoja,<br \/>\npalloja, potkupy\u00f6ri\u00e4)<\/li>\n<li>Lis\u00e4\u00e4 urheilupalveluja kuten suksihuolto ja py\u00f6rienkorjauspiste (yritt\u00e4j\u00e4-\/omatoimi)<\/li>\n<li>Opasteita mm. py\u00f6r\u00e4ilij\u00f6ille, samoin Seikkailupuisto Huippu paremmin esille<\/li>\n<li>Parkkialueita ja parkkeerausta selvennett\u00e4v\u00e4 koko urheilupuiston alueella<\/li>\n<li>P\u00e4\u00e4sy kulkemaan stadionin l\u00e4vitse ilman portteja<\/li>\n<li>Suora k\u00e4vely-\/py\u00f6r\u00e4tieyhteys uimahallilta Laurean ja Turuntien p-paikoille t\u00e4rke\u00e4<\/li>\n<li>Py\u00f6r\u00e4ily Karakallion suunnasta asemalle houkuttelevammaksi ja helpommaksi<\/li>\n<li>Koirapuistoa kaivataan urheiluaukion tuntumaan<\/li>\n<li>L\u00f6yt\u00f6tavarakioski mm. Angry Birds -puistoon j\u00e4\u00e4vi\u00e4 tavaroita ja vaatteita varten<\/li>\n<li>Enemm\u00e4n istutuksia, hiekkaa, nurmikkoa, puita, pensaita<\/li>\n<li>Aukiolle p\u00f6yti\u00e4 ja penkkej\u00e4<\/li>\n<li>Kahvila<\/li>\n<li>Reitin varret Urheiluaukiolta Muukalaisenpuistoon joutomaata &#8211; ilme urbaanimmaksi<\/li>\n<li>Lintuvaarantien alikulun suut turvattomia jalankulkijoile, t\u00f6rm\u00e4ysvaara\/huono n\u00e4kyvyys<br \/>\nalam\u00e4ess\u00e4 kovaa py\u00f6r\u00e4ileviin &#8211; Lintuvaarantielle py\u00f6r\u00e4tie sillalle ajoradan tasoon<\/li>\n<\/ul>\n<p><strong>Muita huomioita:<\/strong><\/p>\n<ul style=\"margin-bottom: 1em;\">\n<li>J\u00e4\u00e4halli ja kuplahalli ovat rumia (kupla ollut pystyss\u00e4 koko kes\u00e4n &#8211; kenen luvalla?)<\/li>\n<li>Turuntien melu h\u00e4iritsee<\/li>\n<li>Maauimalan aitaan n\u00e4k\u00f6suoja &#8211; puiston puolelta tirkistell\u00e4\u00e4n altaille p\u00e4in.<\/li>\n<li>Talvikunnossapito on v\u00e4lill\u00e4 ihan retuper\u00e4ll\u00e4<\/li>\n<\/ul>\n<h4>2. Muukalaispuisto ja Muurarinaukio<\/h4>\n<p>Raitin p\u00e4\u00e4ss\u00e4 sijaitsevan Muukalaispuiston ja Muurarinaukion viihtyisyytt\u00e4 ja varustusta pit\u00e4\u00e4\u00a0parantaa. Toivomus on, ett\u00e4 Muukalaispuisto olisi yht\u00e4 viihtyis\u00e4 kuin viereinen \u201cRuusupuisto\u201d.\u00a0Suositun kiipeilytelineen s\u00e4ilytt\u00e4mist\u00e4 vaaditaan, sill\u00e4 se on tienoon ainoa isommillekin lapsille\u00a0sopiva v\u00e4line (kaupunki ilmoittanut ett\u00e4 teline poistetaan). Puiston kasvillisuus ja l\u00e4hiymp\u00e4rist\u00f6\u00a0ovat p\u00e4\u00e4sseet r\u00e4nsistym\u00e4\u00e4n ja kaipaavat uusimista. Monissa vastauksissa kiinnitet\u00e4\u00e4n\u00a0huomiota kunnossapidon tehostamiseen. Py\u00f6r\u00e4- ja huoltoliikenne h\u00e4iritsev\u00e4t aukiolla.<\/p>\n<p><strong>Parannusehdotuksia Muukalaispuistoon:<\/strong><\/p>\n<ul style=\"margin-bottom: 1em;\">\n<li>Lasten kiipeilyteline s\u00e4ilytett\u00e4v\u00e4!<\/li>\n<li>Valaistusta lis\u00e4\u00e4 (turvallisuustekij\u00e4)<\/li>\n<li>Jos kiipeilyteline poistetaan leikkipuisto sopisi piknik-alueeksi<\/li>\n<li>Tilalle taidetta, katsottavaa, ideointiin asukkaat mukaan<\/li>\n<li>Lintuvaarantien melu v\u00e4hent\u00e4\u00e4 leikkipuiston viihtyisyytt\u00e4<\/li>\n<li>Nykyisell\u00e4\u00e4n se on jotenkin &#8221;umpeenkasvanut&#8221;.<\/li>\n<li>Hiekan tilalle nurmea<\/li>\n<li>Aikuisaktiviteetteja kuten petankkikentt\u00e4, puistoshakkia tms.<\/li>\n<\/ul>\n<p><strong>Parannusehdotuksia Muurarinaukiolle:<\/strong><\/p>\n<ul style=\"margin-bottom: 1em;\">\n<li>Muurarinaukion kaupunkipy\u00f6r\u00e4asema pit\u00e4isi siirt\u00e4\u00e4 muualle<\/li>\n<li>Viihtyvyyden vuoksi on merkityksellist\u00e4, ett\u00e4 penkill\u00e4 istuessa n\u00e4kee alas raitille p\u00e4in<\/li>\n<li>Py\u00f6r\u00e4asemat hyv\u00e4 sijoittaa tukemaan py\u00f6r\u00e4ilyliikenteen ohjaamista pois raitilta<\/li>\n<li>Kauniit vanhat penkit takaisin omalle paikalleen &#8211; tekev\u00e4t puistosta l\u00e4hes t\u00e4ydellisen<\/li>\n<li>Py\u00f6r\u00e4telineet (ei kaupunkipy\u00f6r\u00e4t) puuttuvat kokonaan t\u00e4st\u00e4 p\u00e4\u00e4st\u00e4 raittia<\/li>\n<li>Huoltoliikenne pit\u00e4\u00e4 saada pois Muurarinaukiolta, etenkin pizza-autot<\/li>\n<li>Roskiksia lis\u00e4\u00e4<\/li>\n<\/ul>\n<p><strong>Muita huomiota:<\/strong><\/p>\n<ul style=\"margin-bottom: 1em;\">\n<li>T\u00e4ll\u00e4 alueella on luonto ja puistomaisuus hyvin edustettu ja se tulisi s\u00e4ilytt\u00e4\u00e4<\/li>\n<li>Kaunis koristeomenapuiden rivi k\u00e4velytien vieress\u00e4 &#8211; niit\u00e4 ei saa kaataa &#8211; kest\u00e4\u00e4 liian<br \/>\nkauan ett\u00e4 ovat samanveroiset<\/li>\n<li>Uusi puu vuosikausia Muurarinaukion p\u00e4\u00e4ss\u00e4 olevaan tyhj\u00e4\u00e4n kuoppaan, jossa nyt vain<br \/>\nrautaraamit<\/li>\n<li>Talviaurauksen rikkomia reunakivi\u00e4 ei korjata &#8211; t\u00e4llainen v\u00e4linpit\u00e4m\u00e4tt\u00f6myys r\u00e4nsistytt\u00e4\u00e4<br \/>\nkaupunkikuvaa<\/li>\n<li>Puskat ja muu kasvillisuus pidett\u00e4v\u00e4 matalana, jottei niiden varjoon ker\u00e4\u00e4nny<br \/>\njuopottelijoita, ja ett\u00e4 pime\u00e4ll\u00e4 liikkuminen olisi turvallisempaa<\/li>\n<\/ul>\n<h4>3. Maalarinaukio<\/h4>\n<p>Maalarinaukio on raitin viihtyisin aukio, jossa my\u00f6s ravintolan terassi lis\u00e4\u00e4 potentiaalia. Useissa\u00a0vastauksissa arvioitiin, ett\u00e4 aukio ja sen viereinen terassipuisto (Ruusupuisto) kaipaavat\u00a0parannuksia, jotka houkuttelevat raitilla kulkijoita\u00a0 pys\u00e4htym\u00e4\u00e4n. Ongelmana on l\u00e4piajo aukion\u00a0poikki Harakantielt\u00e4 Lintuvaarantielle ja p\u00e4invastoin. My\u00f6s raittia suhaava pizza-autoliikenne\u00a0h\u00e4iritsee t\u00e4\u00e4ll\u00e4kin.<\/p>\n<p><strong>Parannusehdotuksia:<\/strong><\/p>\n<ul style=\"margin-bottom: 1em;\">\n<li>Ruusupuistoon penkkej\u00e4 lev\u00e4hdyspaikoiksi kukkaloiston ihailuun<\/li>\n<li>Pusikoituneiden istutusten harventaminen<\/li>\n<li>Aukiolle ja puistoon lis\u00e4\u00e4 valaistusta (turvallisuustekij\u00e4)<\/li>\n<li>Aukiolle n\u00e4ytt\u00e4v\u00e4 istutus tai ymp\u00e4rist\u00f6taideteos<\/li>\n<li>Laatoituksen uusiminen<\/li>\n<li>Palveluja kuten j\u00e4\u00e4tel\u00f6kioski tms<\/li>\n<li>Kunnossapidossa toivomisen varaa (roskaisuus)<\/li>\n<li>Autoilu raitilla ja aukion poikki saatava kuriin<\/li>\n<\/ul>\n<h4>4. Timpurinkuja<\/h4>\n<p>Timpurinkuja arvioitiin pime\u00e4ksi, hieman ep\u00e4m\u00e4\u00e4r\u00e4iseksi ja varjoon j\u00e4\u00e4neeksi paikkana. Se\u00a0tarvitsisi jotakin, joka houkuttelee pys\u00e4htym\u00e4\u00e4n. Aukiolla on ik\u00e4v\u00e4n usein juoppoja ja nistej\u00e4\u00a0sotkemassa ja h\u00e4irik\u00f6im\u00e4ss\u00e4. Liikkuu huhuja, ett\u00e4 puistosta on l\u00f6ytynyt huumepiikkej\u00e4. P\u00e4ivisin\u00a0viereinen Rinkelin leikkipuisto on lapsiperheiden vilkkaassa k\u00e4yt\u00f6ss\u00e4. Osa vastaajista\u00a0tyytyv\u00e4isi\u00e4 leikkipuiston varusteluun, mutta osa kaipasi my\u00f6s uusia leikkiv\u00e4lineit\u00e4. Puuistutukset\u00a0ja muuntaja est\u00e4v\u00e4t hyvin autojen l\u00e4piajon raitille Timpurinaukion kautta.<\/p>\n<p><strong>Parannusehdotuksia:<\/strong><\/p>\n<ul style=\"margin-bottom: 1em;\">\n<li>Valaistuksen parantaminen sek\u00e4 aukiolla ett\u00e4 puistossa<\/li>\n<li>Aukiolle kukkalajitelma kes\u00e4isin<\/li>\n<li>Painuneen laatoituksen oikaiseminen<\/li>\n<li>Kasvillisuus pidett\u00e4v\u00e4 matalana, v\u00e4ltett\u00e4v\u00e4 ylim\u00e4\u00e4r\u00e4isi\u00e4 n\u00e4k\u00f6esteit\u00e4 ja siistitt\u00e4v\u00e4<br \/>\nyleisilmett\u00e4, jotta erilaiset h\u00e4irikk\u00f6porukat pysyisiv\u00e4t poissa<\/li>\n<li>Timpurinkujan p\u00e4\u00e4 on melkeinp\u00e4 jatkuvasti ep\u00e4siisti, eik\u00e4 tunnu kuuluvan kunnossapidon\u00a0pidon piiriin &#8211; hiekkoja ei siivota kev\u00e4\u00e4ll\u00e4, eik\u00e4 lehti\u00e4 syksyll\u00e4 &#8211; eik\u00f6 t\u00e4h\u00e4n saada\u00a0urakoitsijaa vastuuseen tekem\u00e4tt\u00f6m\u00e4st\u00e4 ty\u00f6st\u00e4?<\/li>\n<li>Viereisen Espoon kaupungin vuokratalon julkisivu kaipaisi remonttia<\/li>\n<\/ul>\n<h4>5. L\u00e4kkitori<\/h4>\n<p>L\u00e4kkitorista tuli kyselyss\u00e4 paljon negatiivista ja jyrkk\u00e4sanaista palautetta ajoneuvoliikenteest\u00e4 ja\u00a0nykyisest\u00e4 toritoiminnasta. Ajoneuvoliikenne torilla ja sen poikki on lis\u00e4\u00e4ntynyt ja se\u00a0huolestuttaa. Autot oikaisevat Harakantielt\u00e4 L\u00e4kkitorin ja L\u00e4kkisep\u00e4nkujan kautta\u00a0Lintuvaarantielle. My\u00f6s liikkeiden huoltoajoa on paljon. Torista on n\u00e4in tullut turvaton\u00a0jalankulkijoille ja erityisesti lasten kanssa liikuttaessa. K\u00e4vely- ja py\u00f6r\u00e4liikenne jakautui joidenkin\u00a0vastaajien mielest\u00e4 ennen remonttia paremmin kuin nyt.<\/p>\n<p>Torin toivotaan olevan mahdollisimman siisti, avara, valoisa ja turvallinen ymp\u00e4rist\u00f6. Nyt\u00a0n\u00e4k\u00f6yhteys raittia pitkin asemalle kulkiessa katkeaa L\u00e4kkitorin kohdalla, kun torin ruokakojut\u00a0peitt\u00e4v\u00e4t n\u00e4kyvyyden. My\u00f6s etnisten liikkeiden iso m\u00e4\u00e4r\u00e4 huolestuttaa\/pelottaa, samoin torin\u00a0ruokakojujen ilme ja sijoittelu sek\u00e4 ymp\u00e4rist\u00f6haitat kuten savuttaminen ja j\u00e4tevesien kaataminen\u00a0torin sadevesikaivoihin suututtaa.<\/p>\n<p>Huonoimmillaan raitin ja L\u00e4kkitorin pel\u00e4t\u00e4\u00e4n tulevaisuudessa j\u00e4\u00e4v\u00e4n keskustan uudistamisen\u00a0alkaessa rakennusty\u00f6maiden jalkoihin ja pelk\u00e4ksi l\u00e4pikulkupaikaksi. Torin nykytilan arvioidaan\u00a0vaikuttavan koko Pohjois-Lepp\u00e4vaaran imagoon:<br \/>\n<em>\u201cPliis tehk\u00e4\u00e4 t\u00e4st\u00e4 kaunis ja sosiaalista ja\u00a0<\/em><em>inhimillist\u00e4 kaupunkikohtaamista tukeva paikka jalankulkijoille. T\u00e4m\u00e4 ruma ja toimimaton aukio\u00a0<\/em><em>t\u00e4rvelee koko mielikuvan Pohjois-Lepp\u00e4vaarasta. T\u00e4h\u00e4n olisi oikeasti ihanaa panostaa. Tehk\u00e4\u00e4\u00a0<\/em><em>t\u00e4st\u00e4 sellainen, ett\u00e4 my\u00f6s Etel\u00e4-Lepp\u00e4vaarasta tullaan t\u00e4nne, eik\u00e4 niin, ett\u00e4\u00a0<\/em><em>Pohjois-Lepp\u00e4vaarasta vain paetaan pois.\u201d<\/em><\/p>\n<p>Kaikki L\u00e4kkitorista esitetyt arviot eiv\u00e4t kuitenkaan olleet negatiivisia, positiivisina asioina tuotiin\u00a0esiin mm. seuraavaa:<\/p>\n<ul style=\"margin-bottom: 1em;\">\n<li>Nyky\u00e4\u00e4n tori on el\u00e4v\u00e4mpi kuin ennen, sen uutta kahvittelu-\/ruokailukulttuuria vaalittava<\/li>\n<li>Ruokakojut ovat el\u00e4v\u00f6itt\u00e4neet toria ja saaneet juopot poistumaan Pinokkion nurkalle<\/li>\n<li>Torin joulukuusi on ollut komea<\/li>\n<li>Torin valotaideteos on hieno<\/li>\n<\/ul>\n<p><strong>Parannusehdotuksia:<\/strong><\/p>\n<ul style=\"margin-bottom: 1em;\">\n<li>Ajoneuvoliikenne torille mahdolliseksi vain yhdest\u00e4 paikasta = Harakantien puolelta<\/li>\n<li>Paikoituskielto torille ja sakkoliisat t\u00f6ihin sek\u00e4 betoniporsaat torin p\u00e4ihin<\/li>\n<li>Torikojuille yhten\u00e4inen ilme ja uudelleenryhmittely, jotta ei peitet\u00e4 raitin n\u00e4kym\u00e4\u00e4<\/li>\n<li>Torilta puuttuu ilmett\u00e4 \u201ckohottava\u201d elementti (esim. puu\/pensas, suihkul\u00e4hde, patsas&#8230;)<\/li>\n<li>Monipuolisempaa torimyynti\u00e4<\/li>\n<li>Uusia palveluja torinvarren liiketiloihin (esim. apteekki, pankkipalvelut, Picnic, M\u00e4kk\u00e4ri\u2026)<\/li>\n<li>Enemm\u00e4n tapahtumia (senioritansseja, kirppareita, joulutori, sosiaalista toimintaa &#8230;)<\/li>\n<li>Lapsille pieni leikkipaikka, miss\u00e4 voi hetken viiv\u00e4ht\u00e4\u00e4 ja leikki\u00e4 (esim. el\u00e4inpatsaita)<\/li>\n<li>Opastuksia raitilta uimahallille\/kouluille ja aseman suuntaan &#8211; alueella liikkuu paljon\u00a0matkailijoita<\/li>\n<li>Skootteri- ja moottoripy\u00f6r\u00e4parkki s\u00e4\u00e4st\u00e4isi autopaikkoja ja toisi el\u00e4m\u00e4\u00e4 l\u00e4helle<\/li>\n<li>Savuttavien ruokakojujen piipuille parempi suodatus &#8211; savu tunkeutuu my\u00f6s sis\u00e4lle\u00a0torinvarren rakennuksiin<\/li>\n<li>Tornitalojen tuulisuutta lis\u00e4\u00e4v\u00e4 vaikutus pit\u00e4isi eliminoida rakenneratkaisuin<\/li>\n<\/ul>\n<h4>6. Raitin kehitt\u00e4misest\u00e4 yleisesti<\/h4>\n<p>Useissa vastauksissa korostetaan, ett\u00e4 raitin asemaa k\u00e4velykatuna tulisi vahvistaa ja ohjata\u00a0tarpeeton py\u00f6r\u00e4ll\u00e4 ja autolla ajaminen muualle. Ymp\u00e4rist\u00f6n viihtyisyyden parantamisessa osa\u00a0tyytyisi vain kevyisiin parannuksiin ja kunnossapidon parantamiseen. Nykytilanne arvioidaan\u00a0hyv\u00e4ksi, kun puutkin kasvaneet riitt\u00e4v\u00e4n suuriksi. Osa vastaajista taas piti ymp\u00e4rist\u00f6\u00e4\u00a0rapistuneena ja vanhahtavana, ja odottaa isompaa remonttia. Er\u00e4s vastaaja halusi kiinnitt\u00e4\u00e4\u00a0huomiota Lepp\u00e4vaaran historian arvokkaampaan esittelyyn kuin nyt, kun roska-astioiden\u00a0kylkeen on liimattu historiasta kertovia teippauksia. <em>\u201cPronssilaatat ja custom katulaatat tietenkin\u00a0maksavat, mutta kulttuurin yll\u00e4pit\u00e4minen ei ole koskaan ollut ilmasta.\u201d<\/em><\/p>\n<p>Kyselyyn saatiin my\u00f6s joitakin ehdotuksia, jotka koskivat L\u00e4kkitorilta aseman alikulun suulle\u00a0johtavaa aluetta. T\u00e4m\u00e4 alue ei t\u00e4ll\u00e4 kertaa kuulunut kyselyn piiriin, mutta saadut ehdotukset on\u00a0koottu t\u00e4h\u00e4n:<\/p>\n<ul style=\"margin-bottom: 1em;\">\n<li>Raitin py\u00f6r\u00e4telineet Alepan edess\u00e4 ep\u00e4onnistuneet: malliltaan hankalat ja ahtaat, vaikea\u00a0saada py\u00f6r\u00e4 kiinni \u201dtolppaan\u201d<\/li>\n<li>Hienoa, ett\u00e4 aseman ankeaa alikulkua nyt parannetaan<\/li>\n<li>Toivottavasti tunneliin tulee hyv\u00e4t py\u00f6r\u00e4telineet, kun varkauksia on niin paljon!<\/li>\n<li>Mill\u00e4 saisi kerj\u00e4l\u00e4iset pois tunnelista?<\/li>\n<li>Aiemmin raitti Alepan ja tornitalon v\u00e4lill\u00e4 oli tasainen &#8211; nyt kalteva, miksi ihmeess\u00e4 n\u00e4in?<\/li>\n<li>Miksi raitille asematunnelin suulla on ruokak\u00e4rry, kun sit\u00e4 ei k\u00e4ytet\u00e4 ollenkaan?<\/li>\n<li>Tulppaanit olivat viime kev\u00e4\u00e4n\u00e4 n\u00e4tit, mutta sen j\u00e4lkeen ei ollut yht\u00e4\u00e4n kukkivaa kukkaa &#8211;\u00a0muutamat korret t\u00f6rr\u00f6ttiv\u00e4t ilman kastelua<\/li>\n<li>Ensi kes\u00e4ksi istutukset kauniin v\u00e4risin\u00e4 ja koko kes\u00e4n kukkivina<\/li>\n<\/ul>\n<p>Loppuun sopii esitetty kiitos toteutetusta kyselyst\u00e4: <em>\u201cToivon ett\u00e4 saatte viety\u00e4 n\u00e4it\u00e4 asioita sinne\u00a0kaupungin suuntaan, ja kaikki esille tulleet asiat. Voi olla niin, ettei heill\u00e4 edes ole tullut mieleen\u00a0mik\u00e4 on asukkaiden mieless\u00e4. Odotan jatkoa t\u00e4ll\u00e4 hyv\u00e4lle asialle ja toivon, ett\u00e4 p\u00e4\u00e4st\u00e4\u00e4n viel\u00e4\u00a0vaikuttamaan niihin\u201d<\/em><\/p>\n<\/div>\n","protected":false},"excerpt":{"rendered":"<p>Tiistaina 23.10.2018 toteutettiin Lepp\u00e4vaara-seuran, Asukkaiden Espoon ja Espoon kaupungin\u00a0yhteisty\u00f6n\u00e4 Onko raitilla kaikki hyvin? &#8211; k\u00e4vely. Reitti kulki Lepp\u00e4vaaran urheilupuistosta\u00a0L\u00e4kkitorille oheiselle kartalle piirretyn reitin mukaisesti. Samanaikaisesti toteutettiin nettikysely,\u00a0johon oli vastausaikaa 4.11.2018 asti. Kyselyyn saatiin 30 vastausta. Reitin varrelta etsittiin\u00a0kohteita, jotka <span class=\"excerpt-dots\">&hellip;<\/span> <a class=\"more-link\" href=\"https:\/\/solmu.eu\/asukkaidenespoo\/raittikysely2018\/\"><span class=\"more-msg\">Jatka lukemista &rarr;<\/span><\/a><\/p>\n","protected":false},"author":3,"featured_media":0,"parent":0,"menu_order":0,"comment_status":"closed","ping_status":"closed","template":"","meta":{"_uag_custom_page_level_css":"","_monsterinsights_skip_tracking":false,"_monsterinsights_sitenote_active":false,"_monsterinsights_sitenote_note":"","_monsterinsights_sitenote_category":0,"footnotes":""},"class_list":["post-776","page","type-page","status-publish","hentry"],"featured_image_src":null,"uagb_featured_image_src":{"full":false,"thumbnail":false,"medium":false,"medium_large":false,"large":false,"1536x1536":false,"2048x2048":false},"uagb_author_info":{"display_name":"Asukkaiden Espoo","author_link":"https:\/\/solmu.eu\/asukkaidenespoo\/author\/asukkaiden-espoo\/"},"uagb_comment_info":0,"uagb_excerpt":"Tiistaina 23.10.2018 toteutettiin Lepp\u00e4vaara-seuran, Asukkaiden Espoon ja Espoon kaupungin\u00a0yhteisty\u00f6n\u00e4 Onko raitilla kaikki hyvin? &#8211; k\u00e4vely. Reitti kulki Lepp\u00e4vaaran urheilupuistosta\u00a0L\u00e4kkitorille oheiselle kartalle piirretyn reitin mukaisesti. Samanaikaisesti toteutettiin nettikysely,\u00a0johon oli vastausaikaa 4.11.2018 asti. Kyselyyn saatiin 30 vastausta. Reitin varrelta etsittiin\u00a0kohteita, jotka &hellip; Jatka lukemista &rarr;","_links":{"self":[{"href":"https:\/\/solmu.eu\/asukkaidenespoo\/wp-json\/wp\/v2\/pages\/776","targetHints":{"allow":["GET"]}}],"collection":[{"href":"https:\/\/solmu.eu\/asukkaidenespoo\/wp-json\/wp\/v2\/pages"}],"about":[{"href":"https:\/\/solmu.eu\/asukkaidenespoo\/wp-json\/wp\/v2\/types\/page"}],"author":[{"embeddable":true,"href":"https:\/\/solmu.eu\/asukkaidenespoo\/wp-json\/wp\/v2\/users\/3"}],"replies":[{"embeddable":true,"href":"https:\/\/solmu.eu\/asukkaidenespoo\/wp-json\/wp\/v2\/comments?post=776"}],"version-history":[{"count":5,"href":"https:\/\/solmu.eu\/asukkaidenespoo\/wp-json\/wp\/v2\/pages\/776\/revisions"}],"predecessor-version":[{"id":783,"href":"https:\/\/solmu.eu\/asukkaidenespoo\/wp-json\/wp\/v2\/pages\/776\/revisions\/783"}],"wp:attachment":[{"href":"https:\/\/solmu.eu\/asukkaidenespoo\/wp-json\/wp\/v2\/media?parent=776"}],"curies":[{"name":"wp","href":"https:\/\/api.w.org\/{rel}","templated":true}]}}