{"id":857,"date":"2019-03-14T17:51:11","date_gmt":"2019-03-14T17:51:11","guid":{"rendered":"https:\/\/solmu.eu\/asukkaidenespoo\/?page_id=857"},"modified":"2019-03-16T07:20:05","modified_gmt":"2019-03-16T07:20:05","slug":"uusiosallisuus","status":"publish","type":"page","link":"https:\/\/solmu.eu\/asukkaidenespoo\/uusiosallisuus\/","title":{"rendered":"Uusi osallisuus Espoossa"},"content":{"rendered":"<div style=\"max-width: 750px;\"><img loading=\"lazy\" decoding=\"async\" class=\"alignleft wp-image-592\" src=\"https:\/\/solmu.eu\/asukkaidenespoo\/wp-content\/uploads\/2018\/01\/AsukkaidenEspoo_logo.jpg\" alt=\"\" width=\"102\" height=\"102\" srcset=\"https:\/\/solmu.eu\/asukkaidenespoo\/wp-content\/uploads\/2018\/01\/AsukkaidenEspoo_logo.jpg 870w, https:\/\/solmu.eu\/asukkaidenespoo\/wp-content\/uploads\/2018\/01\/AsukkaidenEspoo_logo-150x150.jpg 150w, https:\/\/solmu.eu\/asukkaidenespoo\/wp-content\/uploads\/2018\/01\/AsukkaidenEspoo_logo-300x300.jpg 300w, https:\/\/solmu.eu\/asukkaidenespoo\/wp-content\/uploads\/2018\/01\/AsukkaidenEspoo_logo-768x768.jpg 768w\" sizes=\"auto, (max-width: 102px) 100vw, 102px\" \/><strong><span style=\"font-size: 10pt;\">Asukkaiden Espoo<\/span><\/strong><br \/>\n<span style=\"font-size: 10pt;\"><em>vuoropuhelua ja vaikuttamista<\/em><\/span><br \/>\n<span style=\"font-size: 10pt;\"><a href=\"https:\/\/www.facebook.com\/groups\/AsukkaidenEspoo\/\">www.facebook.com\/groups\/AsukkaidenEspoo<\/a><\/span><br \/>\n<span style=\"font-size: 10pt;\"><a href=\"https:\/\/twitter.com\/AsukkaidenEspoo\">twitter.com\/AsukkaidenEspoo<\/a><\/span><br \/>\n<span style=\"font-size: 10pt;\"><a href=\"https:\/\/solmu.eu\/asukkaidenespoo\/\">solmu.eu\/asukkaidenespoo<\/a><\/span><\/p>\n<h1><span style=\"font-size: 24pt;\"><strong>OSALLISUUS ESPOO-TARINASTA K\u00c4YT\u00c4NT\u00d6\u00d6N!<\/strong><\/span><\/h1>\n<p>Espoo-tarinan keskeinen l\u00e4ht\u00f6kohta on asukkaiden osallisuus. Kokemuksemme mukaan sit\u00e4 on tarpeen ja mahdollista kehitt\u00e4\u00e4 merkitt\u00e4v\u00e4sti. Sen vuoksi ehdotamme toteutettavaksi toimenpiteit\u00e4, joilla Espoo-tarina voidaan tuoda l\u00e4hemm\u00e4ksi asukkaita.<\/p>\n<p><strong>Espoo osallisuuden eturintamaan<\/strong><\/p>\n<ul>\n<li>Luodaan kaupungin ja asukkaiden yhteisty\u00f6n\u00e4 osallisuusmalli samalla, kun kaupungin johtamisj\u00e4rjestelm\u00e4\u00e4 uudistetaan.<\/li>\n<\/ul>\n<p><strong><br \/>\nAitoa yhteisty\u00f6t\u00e4 ja vuorovaikutusta<\/strong><\/p>\n<ul>\n<li>Aloitetaan kaupungin johdon (virkamiehet ja luottamushenkil\u00f6t) s\u00e4\u00e4nn\u00f6lliset asukastapaamiset.<\/li>\n<li>Perustetaan toimialoille asiakasraateja osallistumaan palvelujen kehitt\u00e4miseen.<\/li>\n<li>Nimet\u00e4\u00e4n toimialoille osallisuusvastaavat.<\/li>\n<li>Kehitet\u00e4\u00e4n osallisuutta siten, ett\u00e4 my\u00f6s nuoret ja maahanmuuttajat kiinnostuvat.<\/li>\n<li>Avataan kaupungin tiloja laajemmin asukastoiminnan k\u00e4ytt\u00f6\u00f6n.<\/li>\n<li>Tuodaan Innovative Espoo ja Smart City -hankkeiden tuloksia ja toimintaa l\u00e4hemm\u00e4ksi asukkaita.<\/li>\n<\/ul>\n<p><strong><br \/>\nAlueellinen vaikuttaminen uudelle tasolle<\/strong><\/p>\n<ul>\n<li>Perustetaan suuralueille alueraadit k\u00e4sittelem\u00e4\u00e4n alueensa t\u00e4rkeimpi\u00e4 suunnittelu- ja kehityshankkeita.<\/li>\n<li>Palkataan suuralueille osallisuusvalmentajat\/asukasluotsit\/aluekoordinaattorit.<\/li>\n<li>Nimet\u00e4\u00e4n lautakuntiin jokaiselle suuralueelle aluevastaava.<\/li>\n<li>Kehitet\u00e4\u00e4n digitaalista viestint\u00e4\u00e4 verkossa ja somessa siten, ett\u00e4 tieto suunnitelmista ja hankkeista jaetaan yhten\u00e4isesti alueiden asukkaille ja toimijoille.<\/li>\n<\/ul>\n<p><strong><br \/>\nKaupunki vahvistaa sitoutumistaan osallisuuteen<\/strong><\/p>\n<ul>\n<li>Perustetaan kaupunginhallitukseen osallisuus- ja hyvinvointijaosto.<\/li>\n<li>Nimet\u00e4\u00e4n kaupungin hallintoon osallisuusp\u00e4\u00e4llikk\u00f6.<\/li>\n<li>Turvataan resurssit asukasosallisuutta varten.<\/li>\n<li>Lis\u00e4t\u00e4\u00e4n osallistuvaa budjetointia, ja varataan siihen 1,5 milj. \u20ac\/v.<\/li>\n<li>Kirjataan osallisuus henkil\u00f6st\u00f6n toimenkuviin ja asetetaan henkil\u00f6kohtaiset tavoitteet.<\/li>\n<li>Mitataan osallisuuden toteutumista ja seurataan taloudellisia vaikutuksia.<\/li>\n<\/ul>\n<h3><\/h3>\n<h3>Espoo-tarina ja asukkaiden osallisuus<\/h3>\n<p><img loading=\"lazy\" decoding=\"async\" class=\"alignnone size-full wp-image-858\" src=\"https:\/\/solmu.eu\/asukkaidenespoo\/wp-content\/uploads\/2019\/03\/Osalllisuus-Espoo-tarinassa.png\" alt=\"\" width=\"697\" height=\"578\" \/><\/p>\n<h3>Nykytilanteen arviointia<\/h3>\n<h5>Espoo-tarina k\u00e4yt\u00e4nt\u00f6\u00f6n<\/h5>\n<p>Espoo-tarinan asukas- ja asiakasl\u00e4ht\u00f6isyytt\u00e4 koskevien arvojen koetaan olevan ristiriidassa asukkaiden k\u00e4yt\u00e4nn\u00f6n kokemusten kanssa. Tarvitsemme aidon kokemuksen, ett\u00e4 asukkaat tulevat kuulluksi, vaikka aina kaikkia toiveita ei voidakaan toteuttaa. Asukkaiden mahdollisuuksia osallistua ja vaikuttaa oman alueensa suunnitteluun ja p\u00e4\u00e4t\u00f6ksentekoon tulee organisoida ja vahvistaa. Osallistumismahdollisuuksien tulee olla reiluja ja kaikille avoimia. P\u00e4\u00e4t\u00f6ksentekoa pit\u00e4isi tuoda suuraluetasolle ainakin joiltain osin. L\u00e4hidemokratiaa on lis\u00e4tt\u00e4v\u00e4 uudistamalla rakenteita ja toimintatapoja.<\/p>\n<h5>Lis\u00e4\u00e4 viestint\u00e4\u00e4 ja vuorovaikutusta<\/h5>\n<p>Tarvitsemme toimivia ja houkuttelevia tapoja tehd\u00e4 kaupunkia yhdess\u00e4 kaikkien v\u00e4est\u00f6ryhmien kesken. Nuoret ja ty\u00f6ik\u00e4iset pit\u00e4\u00e4 saada laajemmin mukaan osallistumaan tarjoamalla uusia tapoja ja kanavia osallistua. Kaupungin johdon asukastapaamiset parantaisivat vuorovaikutusta ja Espoo-tarinan uskottavuutta.<\/p>\n<p>Tarvitaan tehokasta viestint\u00e4\u00e4. Asukkaiden kannanottoihin tarvitaan vastaukset ja aina on perusteltava, miksi on p\u00e4\u00e4dytty ratkaisuun, joka kulloinkin on valittu. Tietoa on tuotettava ja jaettava kohdistettuna aluekohtaisesti verkossa ja sosiaalisessa mediassa sek\u00e4 alueraatien kautta. Tiedottamisen ja vaikuttamisen oikea-aikaisuus on hyvin t\u00e4rke\u00e4\u00e4. Asukkaiden pit\u00e4\u00e4 p\u00e4\u00e4st\u00e4 vaikuttamaan jo tavoitteiden asettamiseen eik\u00e4 vasta suunnitelmien hienos\u00e4\u00e4t\u00f6\u00f6n.<\/p>\n<p>Kaupunki saa runsaasti palautetta, mutta mielipiteet ovat usein kesken\u00e4\u00e4n ristiriitaisia, ja niiden pohjalta on vaikea tehd\u00e4 p\u00e4\u00e4t\u00f6ksi\u00e4. Palautteesta kertyv\u00e4n big datan k\u00e4sittelyss\u00e4 ja analysoinnissa voisi k\u00e4ytt\u00e4\u00e4 teko\u00e4ly\u00e4 hyv\u00e4ksi.<\/p>\n<p>Espoon on oltava asukkaiden kaupunki. Kasvavassa kaupungissa muutos ja rakentaminen on jatkuvaa, jolloin t\u00e4st\u00e4 johtuvat ristiriidat ja muutosvastarinta aiheuttavat haasteita. Raideliikenteen asemien ymp\u00e4rist\u00f6jen rakentaminen ja asukasm\u00e4\u00e4rien kasvattaminen on juuri nyt ajankohtainen kysymys, jossa nykyisi\u00e4 asukkaita pit\u00e4\u00e4 kuulla ajoissa ja riitt\u00e4v\u00e4sti. Lautakunnassa kaavap\u00e4\u00e4t\u00f6kset pit\u00e4\u00e4 tehd\u00e4 perusteellisen tiedon ja perehtymisen pohjalta.<\/p>\n<h5>Rakenteiden uudistaminen<\/h5>\n<p>Edustuksellinen demokratia tarvitsee tuekseen uusia toimintatapoja. Kiinnostus yhdistys- ja puoluetoimintaan on v\u00e4hentynyt, joten rinnalle tarvitaan uusia vaikuttamiskanavia. Asukkaiden, luottamushenkil\u00f6iden ja viranhaltijoiden vuorovaikutusta pit\u00e4\u00e4 lis\u00e4t\u00e4 ja toimintaan on varattava riitt\u00e4v\u00e4t henkil\u00f6resurssit. Joissain kaupungeissa kaupunginhallitukseen on perustettu osallisuus- ja hyvinvointijaosto. T\u00e4llainen tarvittaisiin Espooseenkin. Osallisuusmalli pit\u00e4\u00e4 sis\u00e4llytt\u00e4\u00e4 Espoon uuteen johtamisj\u00e4rjestelm\u00e4\u00e4n.<\/p>\n<p>Suuralueille tarvitaan alueraadit, joihin voivat osallistua yhdistykset, puolueosastot, yritykset ja asukkaat. Toiminnan tueksi tarvitaan osallisuusvalmentajia eli kaupungin aluekoordinaattoreita tai -yhteyshenkil\u00f6it\u00e4, joiden teht\u00e4v\u00e4n\u00e4 on asukkaiden vuorovaikutus- ja osallistumis\u00admahdollisuuksista huolehtiminen ja niiden edist\u00e4minen. Heid\u00e4n pit\u00e4\u00e4 tuntea omien alueidensa tilanne. Asukkaiden tulee saada tietoa ja sit\u00e4 kautta p\u00e4\u00e4st\u00e4 vaikuttamaan ja osallistumaan. Tarvitaan vuosisuunnitelmat ja tapahtumat ja tiivist\u00e4 yhteisty\u00f6t\u00e4 asukkaiden ja toimialojen kanssa.<\/p>\n<p>Alueraadin kokoonpanolle ja valinnalle on monia vaihtoehtoja. Alueraadin pit\u00e4\u00e4 olla avoin kaikille kuntalaisille. Digitaalisten v\u00e4lineiden, mm. Otakantaa.fi, k\u00e4ytt\u00f6\u00f6notto on v\u00e4ltt\u00e4m\u00e4t\u00f6nt\u00e4. N\u00e4in mukaan p\u00e4\u00e4see ajasta ja paikasta riippumatta. Kaupungin on panostettava verkko-osallisuuteen ja some-kanaviin. On j\u00e4rjestett\u00e4v\u00e4 my\u00f6s kaupungin johdon ja asukkaiden tapaamistilaisuuksia ajankohtaisista aiheista.<\/p>\n<p>Osallisuusvalmentajien ja toimialojen vuorovaikutusvastaavien palkkaamiseen pit\u00e4\u00e4 saada rahoitus. Teht\u00e4vi\u00e4 ei voida hoitaa pelk\u00e4st\u00e4\u00e4n muiden asioiden ohella. Lautakunnat pit\u00e4\u00e4 saada mukaan asukasvuorovaikutukseen ja perehtym\u00e4\u00e4n alueiden asioihin. Lautakuntiin tarvitaan vastuuhenkil\u00f6t suuralueittain.<\/p>\n<h5>Osallisuus tiiviiksi osaksi kaupungin toimintaa<\/h5>\n<p>Kaupungin henkil\u00f6st\u00f6n koulutusta ja toimenkuvia pit\u00e4isi kehitt\u00e4\u00e4 siten, ett\u00e4 osallisuus on mukana kaikkien toimenkuvissa ja tavoitteissa ja samalla tarkistaa, mitk\u00e4 nykyiset teht\u00e4v\u00e4t ja rakenteet ovat edelleen tarpeellisia. On selvitett\u00e4v\u00e4, mitk\u00e4 vaikeudet est\u00e4v\u00e4t kaupunkia ottamasta asukasn\u00e4k\u00f6kulmaa paremmin huomioon. On laadittava mittaristo, jolla mitataan asukasvuorovaikutuksen tuloksia kaupungin ty\u00f6ss\u00e4. Taloudellisia vaikutuksia on my\u00f6s arvioitava mm. valitusten aiheuttamien viiv\u00e4stysten osalta.<\/p>\n<h3>Mist\u00e4 osallisuudessa on kysymys?<\/h3>\n<p>Niin on, jos silt\u00e4 n\u00e4ytt\u00e4\u00e4. Monet espoolaiset pit\u00e4v\u00e4t Espoo-tarinan kirjauksia asukas- ja asiakasl\u00e4ht\u00f6isyydest\u00e4 tyhjin\u00e4 lauseina. Tarvitsemme toimia, jotta asukkaiden kokema osallisuus vastaisi kaupungin tavoitteita. Luottamus on rakennettava k\u00e4yt\u00e4nn\u00f6n toimin ja sen toteuttamiseksi tarvitaan kaupungin johdon sitoutumista ja jatkuvaa vuorovaikutusta kaupungin johdon, viranhaltijoiden, luottamushenki\u00f6iden, asukkaiden ja muiden toimijoiden kesken. Edustuksellista demokratiaa t\u00e4ydent\u00e4m\u00e4\u00e4n tarvitaan suoran osallistumisen k\u00e4yt\u00e4nt\u00f6j\u00e4.<\/p>\n<p>Perustuslain mukaan kansanvaltaan sis\u00e4ltyy yksil\u00f6n oikeus osallistua ja vaikuttaa yhteiskunnan ja elinymp\u00e4rist\u00f6ns\u00e4 kehitt\u00e4miseen.<\/p>\n<p>Kuntalain tarkoituksena on luoda edellytykset kunnan asukkaiden itsehallinnon sek\u00e4 osallistumis- ja vaikuttamismahdollisuuksien toteutumiselle kunnan toiminnassa. Kunnan asukkailla ja palvelujen k\u00e4ytt\u00e4jill\u00e4 on oikeus osallistua ja vaikuttaa kunnan toimintaan. Valtuuston on pidett\u00e4v\u00e4 huolta monipuolisista ja vaikuttavista osallistumisen mahdollisuuksista. Lis\u00e4ksi kuntalaki nime\u00e4\u00e4 monta mahdollista tapaa edist\u00e4\u00e4 osallistumista ja vaikuttamista<\/p>\n<p>The International Association for Public Participation, IAP2, kuvaa osallistumisen periaatteita ja perusarvoja seuraavasti:<\/p>\n<ol>\n<li>Kansalaisella tulee olla mahdollisuus sanoa kantansa asioihin, jotka vaikuttavat h\u00e4nen el\u00e4m\u00e4\u00e4ns\u00e4.<\/li>\n<li>Osallistumiseen liittyy lupaus, ett\u00e4 osallistuminen vaikuttaa p\u00e4\u00e4t\u00f6ksiin.<\/li>\n<li>Osallistuminen edist\u00e4\u00e4 kest\u00e4vi\u00e4 p\u00e4\u00e4t\u00f6ksi\u00e4, koska p\u00e4\u00e4tt\u00e4jien lis\u00e4ksi kaikkien osallistujien tarpeet ja intressit tunnistetaan ja niist\u00e4 keskustellaan<\/li>\n<li>Osallistuminen hakee ja auttaa niit\u00e4 osallistumaan, joihin vaikutuksia voi kohdistua ja joita p\u00e4\u00e4t\u00f6kset saattavat kiinnostaa.<\/li>\n<li>Osapuolten panokset ty\u00f6skentelyyn varmistetaan suunnittelemalla osallistumistavat<\/li>\n<li>Osallistumiseen kuuluu riitt\u00e4v\u00e4n informaation toimittaminen osapuolille, jotta osallistuminen on mielek\u00e4st\u00e4<\/li>\n<li>Osallistujille kuuluu kertoa, kuinka heid\u00e4n kannanottonsa vaikuttavat p\u00e4\u00e4t\u00f6ksiin<\/li>\n<\/ol>\n<p>&nbsp;<\/p>\n<p>Espoolaisten vaatimus p\u00e4\u00e4st\u00e4 paremmin osallistumaan ja vaikuttamaan itse\u00e4\u00e4n koskeviin p\u00e4\u00e4t\u00f6ksiin on oikeutettu. Samalla se asettaa asukkaille haasteen k\u00e4ytt\u00e4\u00e4 aktiivisesti nyt ja tulevaisuudessa tarjolla olevia keinoja vaikuttaa Espoon kehitt\u00e4miseen.<\/p>\n<\/div>\n","protected":false},"excerpt":{"rendered":"<p>Asukkaiden Espoo vuoropuhelua ja vaikuttamista www.facebook.com\/groups\/AsukkaidenEspoo twitter.com\/AsukkaidenEspoo solmu.eu\/asukkaidenespoo OSALLISUUS ESPOO-TARINASTA K\u00c4YT\u00c4NT\u00d6\u00d6N! Espoo-tarinan keskeinen l\u00e4ht\u00f6kohta on asukkaiden osallisuus. Kokemuksemme mukaan sit\u00e4 on tarpeen ja mahdollista kehitt\u00e4\u00e4 merkitt\u00e4v\u00e4sti. Sen vuoksi ehdotamme toteutettavaksi toimenpiteit\u00e4, joilla Espoo-tarina voidaan tuoda l\u00e4hemm\u00e4ksi asukkaita. Espoo osallisuuden <span class=\"excerpt-dots\">&hellip;<\/span> <a class=\"more-link\" href=\"https:\/\/solmu.eu\/asukkaidenespoo\/uusiosallisuus\/\"><span class=\"more-msg\">Jatka lukemista &rarr;<\/span><\/a><\/p>\n","protected":false},"author":1,"featured_media":0,"parent":0,"menu_order":0,"comment_status":"closed","ping_status":"closed","template":"","meta":{"_uag_custom_page_level_css":"","_monsterinsights_skip_tracking":false,"_monsterinsights_sitenote_active":false,"_monsterinsights_sitenote_note":"","_monsterinsights_sitenote_category":0,"footnotes":""},"class_list":["post-857","page","type-page","status-publish","hentry"],"featured_image_src":null,"uagb_featured_image_src":{"full":false,"thumbnail":false,"medium":false,"medium_large":false,"large":false,"1536x1536":false,"2048x2048":false},"uagb_author_info":{"display_name":"Esko Uotila","author_link":"https:\/\/solmu.eu\/asukkaidenespoo\/author\/admin\/"},"uagb_comment_info":0,"uagb_excerpt":"Asukkaiden Espoo vuoropuhelua ja vaikuttamista www.facebook.com\/groups\/AsukkaidenEspoo twitter.com\/AsukkaidenEspoo solmu.eu\/asukkaidenespoo OSALLISUUS ESPOO-TARINASTA K\u00c4YT\u00c4NT\u00d6\u00d6N! Espoo-tarinan keskeinen l\u00e4ht\u00f6kohta on asukkaiden osallisuus. Kokemuksemme mukaan sit\u00e4 on tarpeen ja mahdollista kehitt\u00e4\u00e4 merkitt\u00e4v\u00e4sti. Sen vuoksi ehdotamme toteutettavaksi toimenpiteit\u00e4, joilla Espoo-tarina voidaan tuoda l\u00e4hemm\u00e4ksi asukkaita. Espoo osallisuuden &hellip; Jatka lukemista &rarr;","_links":{"self":[{"href":"https:\/\/solmu.eu\/asukkaidenespoo\/wp-json\/wp\/v2\/pages\/857","targetHints":{"allow":["GET"]}}],"collection":[{"href":"https:\/\/solmu.eu\/asukkaidenespoo\/wp-json\/wp\/v2\/pages"}],"about":[{"href":"https:\/\/solmu.eu\/asukkaidenespoo\/wp-json\/wp\/v2\/types\/page"}],"author":[{"embeddable":true,"href":"https:\/\/solmu.eu\/asukkaidenespoo\/wp-json\/wp\/v2\/users\/1"}],"replies":[{"embeddable":true,"href":"https:\/\/solmu.eu\/asukkaidenespoo\/wp-json\/wp\/v2\/comments?post=857"}],"version-history":[{"count":4,"href":"https:\/\/solmu.eu\/asukkaidenespoo\/wp-json\/wp\/v2\/pages\/857\/revisions"}],"predecessor-version":[{"id":866,"href":"https:\/\/solmu.eu\/asukkaidenespoo\/wp-json\/wp\/v2\/pages\/857\/revisions\/866"}],"wp:attachment":[{"href":"https:\/\/solmu.eu\/asukkaidenespoo\/wp-json\/wp\/v2\/media?parent=857"}],"curies":[{"name":"wp","href":"https:\/\/api.w.org\/{rel}","templated":true}]}}