{"id":338,"date":"2022-04-14T13:23:06","date_gmt":"2022-04-14T10:23:06","guid":{"rendered":"https:\/\/solmu.eu\/opijatoimi\/?page_id=338"},"modified":"2022-04-26T08:33:57","modified_gmt":"2022-04-26T05:33:57","slug":"asukastila-jupperin-koulun-paivakodin-ja-kirjaston-uudisrakennukseen","status":"publish","type":"page","link":"https:\/\/solmu.eu\/opijatoimi\/asukastila-jupperin-koulun-paivakodin-ja-kirjaston-uudisrakennukseen\/","title":{"rendered":"Asukastila Jupperin koulun, p\u00e4iv\u00e4kodin ja kirjaston uudisrakennukseen"},"content":{"rendered":"<h4>Taustaa<\/h4>\n<p>Jupperin koulun, p\u00e4iv\u00e4kodin ja kirjaston uudisrakennus on asuinalueemme palveluiden ja elinvoimaisuuden n\u00e4k\u00f6kulmasta yksi k\u00e4rkihankkeista. Sen keskeiset l\u00e4ht\u00f6kohdat ovat:<\/p>\n<ul style=\"margin: 0 0 12px 30px;\">\n<li>saada Jupperin koulun toiminta siirtym\u00e4\u00e4n nelj\u00e4st\u00e4 eri rakennuksesta ja kahdesta eri osoitteesta yhden katon alle,<\/li>\n<li>saada Jupperin p\u00e4iv\u00e4koti koulun yhteyteen pois v\u00e4liaikaisista tiloista,<\/li>\n<li>varmistaa, ett\u00e4 Laaksolahden kirjastopalvelut s\u00e4ilyv\u00e4t alueellamme,<\/li>\n<li>tarjota alueen yhdistyksille ja muille toimintatiloja ja samalla tehostaa kaupungin tilojen k\u00e4ytt\u00f6\u00e4 varsinaisen k\u00e4yt\u00f6n ulkopuolisina aikoina.<\/li>\n<\/ul>\n<p>Espoon tilapalvelut teki vuonna 2018 p\u00e4\u00e4t\u00f6ksen Jupperin koulun purkamisesta vakavien sis\u00e4ilmaongelmien takia. Samalla p\u00e4\u00e4tettiin, ett\u00e4 tilat korvataan koulutontille m\u00e4\u00e4r\u00e4ajaksi vuokrattavilla siirtokelpoisilla tiloilla ja tilalle rakennetaan 2024-26 uudisrakennus, joka sis\u00e4lt\u00e4\u00e4 Jupperin koulun, Jupperin p\u00e4iv\u00e4kodin ja Laaksolahden kirjaston.<\/p>\n<h4>Seuraavat kaksi vuotta ovat ratkaisevat<\/h4>\n<p>Espoon tilapalvelut on pyrkinyt siirt\u00e4m\u00e4\u00e4n hankkeen suunnitelmissaan 2030-luvulle, mutta valtuusto on p\u00e4\u00e4tt\u00e4nyt s\u00e4ilytt\u00e4\u00e4 sen vuosittain p\u00e4\u00e4tett\u00e4v\u00e4ss\u00e4 investointiohjelmassa alkuper\u00e4isess\u00e4 aikataulussaan 2024-26 &#8211; kiitos alueemme aktiivisille luottamushenkil\u00f6ille, yhdistyksille, asukkaille ja koulun johtokunnalle.<\/p>\n<p>Ajatus, ett\u00e4 koulu toimisi viel\u00e4 yli 10 vuotta v\u00e4ist\u00f6ss\u00e4 nykyisten 20 vuoden lis\u00e4ksi, ei ole perusteltua. Alueen lasten yli 20-vuotinen taival jopa nelj\u00e4ss\u00e4 eri koulurakennuksessa ja kahdessa eri osoitteessa on t\u00e4rke\u00e4\u00e4 saada vihdoin p\u00e4\u00e4ttym\u00e4\u00e4n. Siirt\u00e4minen olisi my\u00f6s taloudellisestikin erikoista, sill\u00e4 Espoo maksaisi ulkopuolisille tuolta ajalta tilavuokraa yli 15 milj. kun pysyv\u00e4n uudisrakennuksen kustannusarvio on n. 20 miljoonaa.<\/p>\n<p>Kahdet budjettineuvottelut ovat kuitenkin viel\u00e4 edess\u00e4, ja olemme valmiit tekem\u00e4\u00e4n edelleen t\u00f6it\u00e4 sen eteen, ett\u00e4 valtuusto pysyisi p\u00e4\u00e4t\u00f6ksess\u00e4\u00e4n pit\u00e4\u00e4 hankkeemme alkuper\u00e4isess\u00e4 aikataulussaan 2024-26.<\/p>\n<p>Uudisrakennushankkeen toteutuminen on jo siis l\u00e4hell\u00e4. J\u00e4ljell\u00e4 on viel\u00e4 kahdet budjettineuvottelut ja toive, ett\u00e4 sama my\u00f6t\u00e4tuuli jatkuu, sill\u00e4 jo t\u00e4n\u00e4 vuonna kaupunki laatii tarvesuunnitelman ja ensi vuonna hankesuunnitelman, joissa ajatukset muuttuvat toteutettaviksi suunnitelmiksi. Rakennust\u00f6iden on tarkoitus alkaa kahden vuoden p\u00e4\u00e4st\u00e4, vuonna 2024.<\/p>\n<p>Alueella toimivat yhdistykset ovat olleet vahvasti mukana edist\u00e4m\u00e4ss\u00e4 uudisrakennushanketta ja t\u00e4rke\u00e4ss\u00e4 roolissa perustelemassa Jupperin koulun, kirjaston ja p\u00e4iv\u00e4kodin t\u00e4rkeytt\u00e4 alueen palveluiden ja elinvoimaisuuden yll\u00e4pit\u00e4misess\u00e4 ja kehitt\u00e4misess\u00e4.<\/p>\n<h4>Asukastila uudisrakennukseen<\/h4>\n<p>L\u00e4hialueiden aktiiviset asukkaat, yhteis\u00f6t, luottamushenkil\u00f6t, toimijat ja asukasyhdistykset ovat kokoontuneet yhdess\u00e4 pohtimaan, voisiko rakennuksen yhteydess\u00e4 olla asukastila, joka voisi palvella kuntalaisk\u00e4yt\u00f6ss\u00e4 alueen asukkaita eri ik\u00e4isten kohtaamis-, juhla-, ruokailu- ja toimintapaikkana.<\/p>\n<p>JOY:n johtokunnan perustama asukastilatoimikunta on p\u00e4\u00e4tt\u00e4nyt teett\u00e4\u00e4 yhteisty\u00f6ss\u00e4 Laaksolahden kirjaston yst\u00e4v\u00e4t ry:n kanssa alueen asukkaille, toimijoille ja yhdistyksille ja l\u00e4hikoulujen oppilaskunnan hallituksille kyselyn, jonka tavoitteena on saada tiet\u00e4\u00e4, mink\u00e4laisia palveluita asukastilan suunnittelussa pit\u00e4isi huomioida ja mit\u00e4 palveluita sinne toivottaisiin.<\/p>\n<p>Toimikunta k\u00e4y my\u00f6s tutustumassa vastaaviin hankkeisiin Espoossa, Helsingiss\u00e4 ja Kirkkonummella.<\/p>\n<p>N\u00e4iden pohjalta JOY teett\u00e4\u00e4 arkkitehdill\u00e4 suunnitelman, joka on Espoon kaupungin k\u00e4ytett\u00e4viss\u00e4 uudisrakennuksen suunnitteluvaiheessa.<\/p>\n<h4>Osallistu kyselyyn<\/h4>\n<p>Nyt sinulla on mahdollisuus kertoa toiveesi ja ajatuksesi, mink\u00e4laista toimintaa ja tiloja alueellemme rakennettavan uuden \u201doppimis- ja toimintakeskuksen\u201d voisi sis\u00e4lt\u00e4\u00e4. Pyyd\u00e4mme sinua vastaamaan asukastilakyselyyn 15.5. menness\u00e4.<\/p>\n<p>Kyselyyn p\u00e4\u00e4set n\u00e4ist\u00e4 linkeist\u00e4:<br \/>\n<a style=\"background-color: #1c87c9; border: none; color: #fff; margin: 4px 10px; padding: 5px 14px; text-align: center; text-decoration: none; display: inline-block; font-size: 20px; cursor: pointer;\" href=\"https:\/\/docs.google.com\/forms\/d\/e\/1FAIpQLSes2yZuM7eVh0Nr6-i-gRbXimpqspK8bnbdaKn1N0E66kTt7A\/viewform?usp=sf_link\" target=\"_blank\" rel=\"noopener\">Kysely asukkaille<\/a><a style=\"background-color: #1c87c9; border: none; color: #fff; margin: 4px 10px; padding: 5px 14px; text-align: center; text-decoration: none; display: inline-block; font-size: 20px; cursor: pointer;\" href=\"https:\/\/docs.google.com\/forms\/d\/e\/1FAIpQLSfJwoCco45BxSbKAWlLrJKIoYn81ivQGDhJ-XxFYLJUl9DdFQ\/viewform?usp=sf_link\" target=\"_blank\" rel=\"noopener\">Kysely yhdistyksille<\/a><a style=\"background-color: #1c87c9; border: none; color: #fff; margin: 4px 10px; padding: 5px 14px; text-align: center; text-decoration: none; display: inline-block; font-size: 20px; cursor: pointer;\" href=\"https:\/\/docs.google.com\/forms\/d\/e\/1FAIpQLSd2bO1IEFH2NqLViZtWGlWeiny471wttTkUSxcSu2m2mubrYA\/viewform?usp=sf_link\" target=\"_blank\" rel=\"noopener\">Kysely oppilaskunnille<\/a><\/p>\n<p>Kerromme tuloksista n\u00e4ill\u00e4 sivuilla ja somessa JOYn ja Laaksolahden kirjaston yst\u00e4vien sivuilla sek\u00e4 Ju-Ve-La-ryhm\u00e4ss\u00e4.<\/p>\n<p>Asuinalueellamme on onnistuttu hienosti ymm\u00e4rt\u00e4m\u00e4\u00e4n ja konkretisoimaan Espoon kaupunginjohtajan lanseeraama Espoo-tarina, jossa ydinajatuksina ovat asukas- ja asiakasl\u00e4ht\u00f6isyys sek\u00e4 asukkaiden osallisuuden ja vuorovaikutteisuuden vahvistaminen kaikessa kaupungin toiminnassa ja kehitt\u00e4misess\u00e4.<\/p>\n<p>Toivokaamme, ett\u00e4 yhteisty\u00f6mme tuloksena koulutontille rakennettava oppimis- ja toimintakeskus sis\u00e4lt\u00e4\u00e4 asukastilan, jossa on huomioitu asukkaiden, yhdistysten ja muiden toimijoiden toiveet ja joka mahdollistaa monipuolisen toiminta- ja kohtaamispaikan eri ik\u00e4isille.<\/p>\n<table style=\"border: 0px; padding: 0 10px 0 0; max-width: 550px;\">\n<tbody>\n<tr style=\"border: 0px;\">\n<td style=\"border: 0px;\">Jouni Holopainen<br \/>\nJupperin Omakotiyhdistys ry<\/td>\n<td style=\"border: 0px;\">Esko Uotila<br \/>\nLaaksolahden kirjaston yst\u00e4v\u00e4t ry<\/td>\n<\/tr>\n<\/tbody>\n<\/table>\n<p>&nbsp;<\/p>\n","protected":false},"excerpt":{"rendered":"<p>Taustaa Jupperin koulun, p\u00e4iv\u00e4kodin ja kirjaston uudisrakennus on asuinalueemme palveluiden ja elinvoimaisuuden n\u00e4k\u00f6kulmasta yksi k\u00e4rkihankkeista. Sen keskeiset l\u00e4ht\u00f6kohdat ovat: saada Jupperin koulun toiminta siirtym\u00e4\u00e4n nelj\u00e4st\u00e4 eri rakennuksesta ja kahdesta eri osoitteesta yhden katon alle, saada Jupperin p\u00e4iv\u00e4koti koulun yhteyteen pois v\u00e4liaikaisista tiloista, varmistaa, ett\u00e4 Laaksolahden kirjastopalvelut s\u00e4ilyv\u00e4t alueellamme, tarjota alueen yhdistyksille ja muille toimintatiloja ja&#8230;<\/p>\n","protected":false},"author":1,"featured_media":0,"parent":0,"menu_order":0,"comment_status":"closed","ping_status":"closed","template":"","meta":{"jetpack_post_was_ever_published":false,"footnotes":""},"class_list":["post-338","page","type-page","status-publish","hentry"],"jetpack_sharing_enabled":true,"jetpack_shortlink":"https:\/\/wp.me\/PaLwO6-5s","jetpack-related-posts":[],"_links":{"self":[{"href":"https:\/\/solmu.eu\/opijatoimi\/wp-json\/wp\/v2\/pages\/338","targetHints":{"allow":["GET"]}}],"collection":[{"href":"https:\/\/solmu.eu\/opijatoimi\/wp-json\/wp\/v2\/pages"}],"about":[{"href":"https:\/\/solmu.eu\/opijatoimi\/wp-json\/wp\/v2\/types\/page"}],"author":[{"embeddable":true,"href":"https:\/\/solmu.eu\/opijatoimi\/wp-json\/wp\/v2\/users\/1"}],"replies":[{"embeddable":true,"href":"https:\/\/solmu.eu\/opijatoimi\/wp-json\/wp\/v2\/comments?post=338"}],"version-history":[{"count":28,"href":"https:\/\/solmu.eu\/opijatoimi\/wp-json\/wp\/v2\/pages\/338\/revisions"}],"predecessor-version":[{"id":381,"href":"https:\/\/solmu.eu\/opijatoimi\/wp-json\/wp\/v2\/pages\/338\/revisions\/381"}],"wp:attachment":[{"href":"https:\/\/solmu.eu\/opijatoimi\/wp-json\/wp\/v2\/media?parent=338"}],"curies":[{"name":"wp","href":"https:\/\/api.w.org\/{rel}","templated":true}]}}