{"id":399,"date":"2022-05-29T10:45:05","date_gmt":"2022-05-29T07:45:05","guid":{"rendered":"https:\/\/solmu.eu\/opijatoimi\/?page_id=399"},"modified":"2022-05-30T20:26:18","modified_gmt":"2022-05-30T17:26:18","slug":"yhteenveto-kyselysta-asukkaille-alueen-yhteisesta-asukastilasta","status":"publish","type":"page","link":"https:\/\/solmu.eu\/opijatoimi\/yhteenveto-kyselysta-asukkaille-alueen-yhteisesta-asukastilasta\/","title":{"rendered":"Yhteenveto kyselyst\u00e4 asukkaille alueen yhteisest\u00e4 asukastilasta"},"content":{"rendered":"<p>Jupperin koulun, Laaksolahden kirjaston ja Jupperin p\u00e4iv\u00e4kodin yhteinen uudisrakennus rakennetaan voimassa olevan investointiohjelman mukaan nykyiselle koulutontille 2024-26. Jupperin Omakotiyhdistys (JOY) on teett\u00e4m\u00e4ss\u00e4 tulevaan \u201doppimiskeskukseen\u201d liittyv\u00e4n suunnitelman asukastilasta, joka tarjoaisi alueen asukkaille, yhdistyksille ja toimijoille paikan eri-ik\u00e4isten kohtaamisille, kokouksille, tapahtumille ja juhlille.<\/p>\n<p>JOY:n ja Laaksolahden kirjaston yst\u00e4v\u00e4t ry:n tekem\u00e4ss\u00e4 kyselyss\u00e4 selvitettiin, mit\u00e4 asukkaiden, yhdistysten ja oppilaskuntien mielest\u00e4 asukastilan suunnittelussa tulisi huomioida ja mit\u00e4 toimintoja sen tulisi mahdollistaa.<\/p>\n<p style=\"margin-bottom: 0px;\">Kyselyn tuloksia:<\/p>\n<ul style=\"margin-top: 0px;\">\n<li>Aktiivinen osallistuminen kyselyyn kertoo suuresta tarpeesta alueen yhteiselle asukastilalle.<\/li>\n<li>Asukastila on t\u00e4rke\u00e4 alueen yhteis\u00f6llisyydelle ja elinvoimalle.<\/li>\n<li>Kaikki ik\u00e4luokat tarvitsevat yhteist\u00e4 tilaa.<\/li>\n<li>Kokoontumistilan tarve on suuri ja toiminta monipuolista.<\/li>\n<li>Koulun, p\u00e4iv\u00e4kodin ja kirjaston tilojen kuntalaisk\u00e4ytt\u00f6 tehostaa rakennuksen tilank\u00e4ytt\u00f6\u00e4.<\/li>\n<\/ul>\n<p>&nbsp;<\/p>\n<p><strong>Yhteenveto asukkaiden vastauksista asukastilakyselyyn<\/strong><\/p>\n<ol start=\"1\">\n<li><strong>Asuinpaikka<\/strong><\/li>\n<\/ol>\n<p><img data-recalc-dims=\"1\" loading=\"lazy\" decoding=\"async\" data-attachment-id=\"389\" data-permalink=\"https:\/\/solmu.eu\/opijatoimi\/?attachment_id=389\" data-orig-file=\"https:\/\/i0.wp.com\/solmu.eu\/opijatoimi\/wp-content\/uploads\/2022\/05\/image001.png?fit=481%2C289&amp;ssl=1\" data-orig-size=\"481,289\" data-comments-opened=\"1\" data-image-meta=\"{&quot;aperture&quot;:&quot;0&quot;,&quot;credit&quot;:&quot;&quot;,&quot;camera&quot;:&quot;&quot;,&quot;caption&quot;:&quot;&quot;,&quot;created_timestamp&quot;:&quot;0&quot;,&quot;copyright&quot;:&quot;&quot;,&quot;focal_length&quot;:&quot;0&quot;,&quot;iso&quot;:&quot;0&quot;,&quot;shutter_speed&quot;:&quot;0&quot;,&quot;title&quot;:&quot;&quot;,&quot;orientation&quot;:&quot;0&quot;}\" data-image-title=\"image001\" data-image-description=\"\" data-image-caption=\"\" data-medium-file=\"https:\/\/i0.wp.com\/solmu.eu\/opijatoimi\/wp-content\/uploads\/2022\/05\/image001.png?fit=300%2C180&amp;ssl=1\" data-large-file=\"https:\/\/i0.wp.com\/solmu.eu\/opijatoimi\/wp-content\/uploads\/2022\/05\/image001.png?fit=481%2C289&amp;ssl=1\" class=\"size-full wp-image-389 alignnone\" style=\"background-color: #ffffff; margin: 20px 0 0 0;\" src=\"https:\/\/i0.wp.com\/solmu.eu\/opijatoimi\/wp-content\/uploads\/2022\/05\/image001.png?resize=481%2C289&#038;ssl=1\" alt=\"\" width=\"481\" height=\"289\" srcset=\"https:\/\/i0.wp.com\/solmu.eu\/opijatoimi\/wp-content\/uploads\/2022\/05\/image001.png?w=481&amp;ssl=1 481w, https:\/\/i0.wp.com\/solmu.eu\/opijatoimi\/wp-content\/uploads\/2022\/05\/image001.png?resize=300%2C180&amp;ssl=1 300w\" sizes=\"auto, (max-width: 481px) 100vw, 481px\" \/><\/p>\n<ol start=\"2\">\n<li><strong>K\u00e4ytt\u00e4\u00e4k\u00f6 perheesi seuraavia l\u00e4hialueen palveluja?<\/strong><\/li>\n<\/ol>\n<p><img data-recalc-dims=\"1\" loading=\"lazy\" decoding=\"async\" data-attachment-id=\"390\" data-permalink=\"https:\/\/solmu.eu\/opijatoimi\/?attachment_id=390\" data-orig-file=\"https:\/\/i0.wp.com\/solmu.eu\/opijatoimi\/wp-content\/uploads\/2022\/05\/image002.png?fit=481%2C264&amp;ssl=1\" data-orig-size=\"481,264\" data-comments-opened=\"1\" data-image-meta=\"{&quot;aperture&quot;:&quot;0&quot;,&quot;credit&quot;:&quot;&quot;,&quot;camera&quot;:&quot;&quot;,&quot;caption&quot;:&quot;&quot;,&quot;created_timestamp&quot;:&quot;0&quot;,&quot;copyright&quot;:&quot;&quot;,&quot;focal_length&quot;:&quot;0&quot;,&quot;iso&quot;:&quot;0&quot;,&quot;shutter_speed&quot;:&quot;0&quot;,&quot;title&quot;:&quot;&quot;,&quot;orientation&quot;:&quot;0&quot;}\" data-image-title=\"image002\" data-image-description=\"\" data-image-caption=\"\" data-medium-file=\"https:\/\/i0.wp.com\/solmu.eu\/opijatoimi\/wp-content\/uploads\/2022\/05\/image002.png?fit=300%2C165&amp;ssl=1\" data-large-file=\"https:\/\/i0.wp.com\/solmu.eu\/opijatoimi\/wp-content\/uploads\/2022\/05\/image002.png?fit=481%2C264&amp;ssl=1\" class=\"size-large wp-image-390 alignnone\" style=\"background-color: #ffffff; margin: 20px 0 0 0;\" src=\"https:\/\/i0.wp.com\/solmu.eu\/opijatoimi\/wp-content\/uploads\/2022\/05\/image002.png?resize=481%2C264&#038;ssl=1\" alt=\"\" width=\"481\" height=\"264\" srcset=\"https:\/\/i0.wp.com\/solmu.eu\/opijatoimi\/wp-content\/uploads\/2022\/05\/image002.png?w=481&amp;ssl=1 481w, https:\/\/i0.wp.com\/solmu.eu\/opijatoimi\/wp-content\/uploads\/2022\/05\/image002.png?resize=300%2C165&amp;ssl=1 300w\" sizes=\"auto, (max-width: 481px) 100vw, 481px\" \/><\/p>\n<p>L\u00e4hes kaikki vastaajat ovat kirjaston asiakkaita. My\u00f6s p\u00e4iv\u00e4koti ja koulu ovat t\u00e4rkeit\u00e4 vastaajien perheille.<\/p>\n<p>Muita vastauksissa nimettyj\u00e4 alueen palveluja olivat erityisesti kaupat, liikuntatilat urheilupuistossa ja monitoimitalolla sek\u00e4 Laaksolahtitalon palvelut.<\/p>\n<ol start=\"3\">\n<li><strong>Jos koulun, p\u00e4iv\u00e4kodin ja kirjaston yhteyteen saataisiin asukastila, millaista k\u00e4ytt\u00f6\u00e4 sinulla olisi t\u00e4llaiselle tilalle?<\/strong><\/li>\n<\/ol>\n<p><img data-recalc-dims=\"1\" loading=\"lazy\" decoding=\"async\" data-attachment-id=\"391\" data-permalink=\"https:\/\/solmu.eu\/opijatoimi\/?attachment_id=391\" data-orig-file=\"https:\/\/i0.wp.com\/solmu.eu\/opijatoimi\/wp-content\/uploads\/2022\/05\/image003.png?fit=494%2C297&amp;ssl=1\" data-orig-size=\"494,297\" data-comments-opened=\"1\" data-image-meta=\"{&quot;aperture&quot;:&quot;0&quot;,&quot;credit&quot;:&quot;&quot;,&quot;camera&quot;:&quot;&quot;,&quot;caption&quot;:&quot;&quot;,&quot;created_timestamp&quot;:&quot;0&quot;,&quot;copyright&quot;:&quot;&quot;,&quot;focal_length&quot;:&quot;0&quot;,&quot;iso&quot;:&quot;0&quot;,&quot;shutter_speed&quot;:&quot;0&quot;,&quot;title&quot;:&quot;&quot;,&quot;orientation&quot;:&quot;0&quot;}\" data-image-title=\"image003\" data-image-description=\"\" data-image-caption=\"\" data-medium-file=\"https:\/\/i0.wp.com\/solmu.eu\/opijatoimi\/wp-content\/uploads\/2022\/05\/image003.png?fit=300%2C180&amp;ssl=1\" data-large-file=\"https:\/\/i0.wp.com\/solmu.eu\/opijatoimi\/wp-content\/uploads\/2022\/05\/image003.png?fit=494%2C297&amp;ssl=1\" class=\"size-large wp-image-391 alignnone\" style=\"margin-top: 0.4em; background-color: #ffffff; margin: 20px 0 0 0;\" src=\"https:\/\/i0.wp.com\/solmu.eu\/opijatoimi\/wp-content\/uploads\/2022\/05\/image003.png?resize=494%2C297&#038;ssl=1\" alt=\"\" width=\"494\" height=\"297\" srcset=\"https:\/\/i0.wp.com\/solmu.eu\/opijatoimi\/wp-content\/uploads\/2022\/05\/image003.png?w=494&amp;ssl=1 494w, https:\/\/i0.wp.com\/solmu.eu\/opijatoimi\/wp-content\/uploads\/2022\/05\/image003.png?resize=300%2C180&amp;ssl=1 300w\" sizes=\"auto, (max-width: 494px) 100vw, 494px\" \/><\/p>\n<p>Asukkaiden vastauksissa korostui perhetapahtumien lis\u00e4ksi tarve j\u00e4rjest\u00e4\u00e4 ja osallistua erilaisiin kokouksiin, joita yhdistykset, taloyhti\u00f6t ja muut toimijat j\u00e4rjest\u00e4v\u00e4t.<\/p>\n<p>Asukastila tarjoaisi kokoontumispaikan kaikenik\u00e4isille, niin ik\u00e4ihmisten kokoontumisille, asukkaiden verkostoitumiselle, nuorten oleskelulle, perheiden ja kaveripiirien tapaamisille kuin vauvakerhoille ja lasten ja lapsiperheiden kohtaamisille.<\/p>\n<p>Erilaisille harrastetiloille on suuri tarve. Ohjattujen ja itsen\u00e4isten ryhmien kokoontumisille kaivataan tilaa. Vastauksissa mainittiin mm. \u00f6ljyv\u00e4rimaalaus, liikunta (tanssi, jooga, jumppa jne.), k\u00e4sity\u00f6t, kuten ompelu, puuty\u00f6t ja keramiikka, ruokakurssit, lukupiiri ja askartelu.<\/p>\n<p>Moni vastaaja nosti esille kerhotoiminnan. Tarvetta on my\u00f6s vanhempainyhdistysten, luokkatoimikuntien ja muun vapaaehtoistoiminnan kokoontumistiloille.<\/p>\n<p>Alueelle kaivataan tilaa kulttuuritoiminnalle. Vastauksissa mainittiin mm. taide- ja musiikkiharrastukset, karaoke sek\u00e4 kulttuuritoimijoiden tarve esiintymis- ja kokoontumistilalle. Tilassa haluttaisiin j\u00e4rjest\u00e4\u00e4 yhteisi\u00e4 tapahtumia, myyj\u00e4isi\u00e4, n\u00e4yttelyj\u00e4 ja joululaulutilaisuuksia.<\/p>\n<p>My\u00f6s tilap\u00e4ist\u00e4 et\u00e4ty\u00f6tilaa ja hiljaista ty\u00f6tilaa kaivattiin.<\/p>\n<p>Erityinen tarve on lasten ja nuorten harrastus- ja oleskelutiloille sek\u00e4 perhejuhlille. Perheen pienimmille tarvittaisiin leikkitilaa. Nuorille pit\u00e4isi olla tilaa j\u00e4rjest\u00e4\u00e4 omaa toimintaa, kuten pingist\u00e4, pelej\u00e4 ja nuorisoty\u00f6ntekij\u00e4n vet\u00e4mi\u00e4 iltoja.<\/p>\n<ol start=\"4\">\n<li><strong>Mihin aikaan ja kuinka usein arvioita k\u00e4ytt\u00e4v\u00e4si asukastilaa?<\/strong><\/li>\n<\/ol>\n<p><img data-recalc-dims=\"1\" loading=\"lazy\" decoding=\"async\" data-attachment-id=\"392\" data-permalink=\"https:\/\/solmu.eu\/opijatoimi\/?attachment_id=392\" data-orig-file=\"https:\/\/i0.wp.com\/solmu.eu\/opijatoimi\/wp-content\/uploads\/2022\/05\/image004.png?fit=585%2C225&amp;ssl=1\" data-orig-size=\"585,225\" data-comments-opened=\"1\" data-image-meta=\"{&quot;aperture&quot;:&quot;0&quot;,&quot;credit&quot;:&quot;&quot;,&quot;camera&quot;:&quot;&quot;,&quot;caption&quot;:&quot;&quot;,&quot;created_timestamp&quot;:&quot;0&quot;,&quot;copyright&quot;:&quot;&quot;,&quot;focal_length&quot;:&quot;0&quot;,&quot;iso&quot;:&quot;0&quot;,&quot;shutter_speed&quot;:&quot;0&quot;,&quot;title&quot;:&quot;&quot;,&quot;orientation&quot;:&quot;0&quot;}\" data-image-title=\"image004\" data-image-description=\"\" data-image-caption=\"\" data-medium-file=\"https:\/\/i0.wp.com\/solmu.eu\/opijatoimi\/wp-content\/uploads\/2022\/05\/image004.png?fit=300%2C115&amp;ssl=1\" data-large-file=\"https:\/\/i0.wp.com\/solmu.eu\/opijatoimi\/wp-content\/uploads\/2022\/05\/image004.png?fit=585%2C225&amp;ssl=1\" class=\"size-large wp-image-392 alignnone\" style=\"background-color: #ffffff; margin: 20px 0 0 0;\" src=\"https:\/\/i0.wp.com\/solmu.eu\/opijatoimi\/wp-content\/uploads\/2022\/05\/image004.png?resize=585%2C225&#038;ssl=1\" alt=\"\" width=\"585\" height=\"225\" srcset=\"https:\/\/i0.wp.com\/solmu.eu\/opijatoimi\/wp-content\/uploads\/2022\/05\/image004.png?w=585&amp;ssl=1 585w, https:\/\/i0.wp.com\/solmu.eu\/opijatoimi\/wp-content\/uploads\/2022\/05\/image004.png?resize=300%2C115&amp;ssl=1 300w\" sizes=\"auto, (max-width: 585px) 100vw, 585px\" \/><\/p>\n<p>&nbsp;<\/p>\n<ol start=\"5\">\n<li><strong>Millaisia tiloja ja palveluja tilassa tulisi olla tarjolla?<\/strong><\/li>\n<\/ol>\n<p><img data-recalc-dims=\"1\" loading=\"lazy\" decoding=\"async\" data-attachment-id=\"393\" data-permalink=\"https:\/\/solmu.eu\/opijatoimi\/?attachment_id=393\" data-orig-file=\"https:\/\/i0.wp.com\/solmu.eu\/opijatoimi\/wp-content\/uploads\/2022\/05\/image005.png?fit=492%2C226&amp;ssl=1\" data-orig-size=\"492,226\" data-comments-opened=\"1\" data-image-meta=\"{&quot;aperture&quot;:&quot;0&quot;,&quot;credit&quot;:&quot;&quot;,&quot;camera&quot;:&quot;&quot;,&quot;caption&quot;:&quot;&quot;,&quot;created_timestamp&quot;:&quot;0&quot;,&quot;copyright&quot;:&quot;&quot;,&quot;focal_length&quot;:&quot;0&quot;,&quot;iso&quot;:&quot;0&quot;,&quot;shutter_speed&quot;:&quot;0&quot;,&quot;title&quot;:&quot;&quot;,&quot;orientation&quot;:&quot;0&quot;}\" data-image-title=\"image005\" data-image-description=\"\" data-image-caption=\"\" data-medium-file=\"https:\/\/i0.wp.com\/solmu.eu\/opijatoimi\/wp-content\/uploads\/2022\/05\/image005.png?fit=300%2C138&amp;ssl=1\" data-large-file=\"https:\/\/i0.wp.com\/solmu.eu\/opijatoimi\/wp-content\/uploads\/2022\/05\/image005.png?fit=492%2C226&amp;ssl=1\" class=\"size-full wp-image-393 alignnone\" style=\"background-color: #ffffff; margin: 20px 0 0 0;\" src=\"https:\/\/i0.wp.com\/solmu.eu\/opijatoimi\/wp-content\/uploads\/2022\/05\/image005.png?resize=492%2C226&#038;ssl=1\" alt=\"\" width=\"492\" height=\"226\" srcset=\"https:\/\/i0.wp.com\/solmu.eu\/opijatoimi\/wp-content\/uploads\/2022\/05\/image005.png?w=492&amp;ssl=1 492w, https:\/\/i0.wp.com\/solmu.eu\/opijatoimi\/wp-content\/uploads\/2022\/05\/image005.png?resize=300%2C138&amp;ssl=1 300w\" sizes=\"auto, (max-width: 492px) 100vw, 492px\" \/><\/p>\n<p>L\u00e4hes kaikki vastaajat pit\u00e4v\u00e4t ryhmien kokoontumistiloja t\u00e4rkein\u00e4. My\u00f6s keitti\u00f6tilaa kannattaa yli puolet vastaajista.<\/p>\n<p>Asukastilalle on monenlaista k\u00e4ytt\u00f6\u00e4. Tarvetta on juhla-, tapahtuma- ja liikuntatilalle sek\u00e4 erilaiselle ryhm\u00e4toiminnalle ja harrasteille. My\u00f6s n\u00e4yttelyille ja musiikin, teatterin ja kuvataiteen harrastamiselle ja esitt\u00e4miselle tarvitaan tilaa. Tilaa kaivataan my\u00f6s leikkimiseen ja pelaamiseen.<\/p>\n<p>Partiolaisilla on suuri tarve toimintatiloille.<\/p>\n<p>Tilojen k\u00e4ytt\u00f6\u00f6n liittyvi\u00e4 toiveita ovat mm. av-laitteet, et\u00e4ty\u00f6piste, riitt\u00e4v\u00e4t wc tilat, hyv\u00e4 lastenhoitohuone ja inva-wc.<\/p>\n<p>Vastauksissa nostettiin esille my\u00f6s varastotilan tarve ryhmien omille tarvikkeille ja v\u00e4est\u00f6nsuojan tarve. Jos tiloihin tulisi esimerkiksi keitti\u00f6, niin sen k\u00e4ytt\u00e4miseen voisi vaikkapa peri\u00e4 etuk\u00e4teen pantin. Eli jos tiskit ei olisi tiskattuna, niin pantti j\u00e4isi korvaamaan t\u00e4st\u00e4 koituvaa haittaa.<\/p>\n<ol start=\"6\">\n<li><strong> Muita kommentteja, toiveita ja ehdotuksia?<\/strong><\/li>\n<\/ol>\n<p>Kyselyn avoimeen kysymykseen saatiin monipuolisesti ehdotuksia ja toiveita asukastilaan liittyen.<\/p>\n<ul>\n<li>Alueelle tarvitaan asukkaiden yhteis\u00f6llisyytt\u00e4 ja yhdess\u00e4 tekemist\u00e4 monimuotoisesti palveleva tila.\n<ul style=\"list-style-type: circle;\">\n<li>Asukastila vahvistaa alueen yhten\u00e4isyytt\u00e4 ja takaa nuorille j\u00e4rkevi\u00e4 tapoja viett\u00e4\u00e4 aikaa koulun j\u00e4lkeen.<\/li>\n<li>Kyl\u00e4lle pit\u00e4isi saada syd\u00e4n, jonka l\u00e4mm\u00f6ss\u00e4 ja turvassa monet yhteiset ja eri ik\u00e4ryhmi\u00e4 yhdist\u00e4v\u00e4t tapaamiset olisi mahdollista j\u00e4rjest\u00e4\u00e4.<\/li>\n<\/ul>\n<\/li>\n<li>Tilojen pit\u00e4isi tarjota palveluja kaikenik\u00e4isille.<\/li>\n<li>Kahvinkeittomahdollisuus toistuu monissa vastauksissa, joissa tilaa halutaan k\u00e4ytt\u00e4\u00e4 tapahtumiin, perhejuhliin, kokouksiin ja ryhmien tapaamiseen.<\/li>\n<li>Asukastilassa j\u00e4rjestett\u00e4v\u00e4lle toiminnalle esitet\u00e4\u00e4n monenlaisia toiveita.\n<ul style=\"list-style-type: circle;\">\n<li>riitt\u00e4v\u00e4sti tilaa suuremmille tapahtumille (50-100henkil\u00f6\u00e4)<\/li>\n<li>tilaa useille ryhmille samanaikaisesti ja lis\u00e4ksi kotoisa tila yksin tuleville<\/li>\n<li>konsertteja, yhteislaulua, taiden\u00e4yttelyit\u00e4, liikuntaa, tanssia ik\u00e4ihmisille<\/li>\n<li>lauluiltoja, keskustelutilaisuuksia, kokkausta porukalla, yhteisi\u00e4 juhlia kuten vappu, kirppis- ja vaikka taimienvaihtotilaisuuuksia jne.<\/li>\n<li>pingisp\u00f6yt\u00e4, sohvia oleskeluun, musiikkihuone, soittimia k\u00e4ytt\u00f6\u00f6n, latauspaikat puhelimille, nuorille musiikkia, lautapelej\u00e4, biljardi, darts<\/li>\n<li>galleria paikallisten taiteilijoiden, koululaisten, harrastusryhmien teosten esittelyyn<\/li>\n<li>monipuolista toimintaa my\u00f6s ilta-aikaan ja viikonloppuisin koululaisille sek\u00e4 p\u00e4iv\u00e4koti-ik\u00e4isille\/perheille<\/li>\n<li>nuorille ohjattua toimintaa ja vapaa-ajan ohjelmaa<\/li>\n<li>lapsille tila, jossa puuhailla ja kokoontua<\/li>\n<li>tilassa hyv\u00e4t verkkoyhteydet ja valkokangas tai iso monitori<\/li>\n<li>ilmoitustaulu<\/li>\n<\/ul>\n<\/li>\n<li>Alueelle kaivataan kahvilaa, ja sit\u00e4 toivotaan asukastilaan.<\/li>\n<li>Asukastilan pit\u00e4isi tarjota koululaisille toimintaa koulup\u00e4iv\u00e4n j\u00e4lkeen.<\/li>\n<li>Kirjasto nykyisill\u00e4 palveluilla koettiin t\u00e4rke\u00e4ksi ja monelle riitt\u00e4v\u00e4ksi asukastilaksi.<\/li>\n<li>Kirjastoon omat tilat aikuisille ja lapsille.<\/li>\n<li>Asukastilan hallinnointia k\u00e4siteltiin monissa vastauksissa.\n<ul style=\"list-style-type: circle;\">\n<li>Asukastilan tulisi olla k\u00e4ytett\u00e4viss\u00e4 kirjaston omatoimiaukiolon tapaan.<\/li>\n<li>Asukask\u00e4yt\u00f6n pit\u00e4isi olla maksutonta tai tapahtumissa kohtuuhintaista.<\/li>\n<li>Tilojen varausmahdollisuus netiss\u00e4.<\/li>\n<li>Tiloja tulosi antaa k\u00e4ytt\u00f6\u00f6n monipuolisesti eri ryhmille. Varauskalenteriin on varattava aikoja, joihin ei voi varata pitk\u00e4aikaisia varauksia.<\/li>\n<li>Tilojen vakituisille k\u00e4ytt\u00e4j\u00e4yhteis\u00f6ille varattuja s\u00e4ilytyskaappeja<\/li>\n<li>Kameravalvonta<\/li>\n<li>Kuka yll\u00e4pit\u00e4isi ja valvoisi n\u00e4it\u00e4 tiloja niin ett\u00e4 niihin toisaalta olisi kaikilla p\u00e4\u00e4sy, mutta ett\u00e4 ne pysyisiv\u00e4t miellytt\u00e4vin\u00e4 ja siistein\u00e4?<\/li>\n<li>Keitti\u00f6n ja vastaavien tilojen k\u00e4ytt\u00e4misest\u00e4 voisi peri\u00e4 etuk\u00e4teen pantin. Jos tiskit eiv\u00e4t olisi tiskattuna, niin pantti j\u00e4isi korvaamaan t\u00e4st\u00e4 koituvaa haittaa.<\/li>\n<\/ul>\n<\/li>\n<\/ul>\n","protected":false},"excerpt":{"rendered":"<p>Jupperin koulun, Laaksolahden kirjaston ja Jupperin p\u00e4iv\u00e4kodin yhteinen uudisrakennus rakennetaan voimassa olevan investointiohjelman mukaan nykyiselle koulutontille 2024-26. Jupperin Omakotiyhdistys (JOY) on teett\u00e4m\u00e4ss\u00e4 tulevaan \u201doppimiskeskukseen\u201d liittyv\u00e4n suunnitelman asukastilasta, joka tarjoaisi alueen asukkaille, yhdistyksille ja toimijoille paikan eri-ik\u00e4isten kohtaamisille, kokouksille, tapahtumille ja juhlille. JOY:n ja Laaksolahden kirjaston yst\u00e4v\u00e4t ry:n tekem\u00e4ss\u00e4 kyselyss\u00e4 selvitettiin, mit\u00e4 asukkaiden, yhdistysten ja oppilaskuntien&#8230;<\/p>\n","protected":false},"author":1,"featured_media":0,"parent":0,"menu_order":0,"comment_status":"closed","ping_status":"closed","template":"","meta":{"jetpack_post_was_ever_published":false,"footnotes":""},"class_list":["post-399","page","type-page","status-publish","hentry"],"jetpack_sharing_enabled":true,"jetpack_shortlink":"https:\/\/wp.me\/PaLwO6-6r","jetpack-related-posts":[],"_links":{"self":[{"href":"https:\/\/solmu.eu\/opijatoimi\/wp-json\/wp\/v2\/pages\/399","targetHints":{"allow":["GET"]}}],"collection":[{"href":"https:\/\/solmu.eu\/opijatoimi\/wp-json\/wp\/v2\/pages"}],"about":[{"href":"https:\/\/solmu.eu\/opijatoimi\/wp-json\/wp\/v2\/types\/page"}],"author":[{"embeddable":true,"href":"https:\/\/solmu.eu\/opijatoimi\/wp-json\/wp\/v2\/users\/1"}],"replies":[{"embeddable":true,"href":"https:\/\/solmu.eu\/opijatoimi\/wp-json\/wp\/v2\/comments?post=399"}],"version-history":[{"count":4,"href":"https:\/\/solmu.eu\/opijatoimi\/wp-json\/wp\/v2\/pages\/399\/revisions"}],"predecessor-version":[{"id":410,"href":"https:\/\/solmu.eu\/opijatoimi\/wp-json\/wp\/v2\/pages\/399\/revisions\/410"}],"wp:attachment":[{"href":"https:\/\/solmu.eu\/opijatoimi\/wp-json\/wp\/v2\/media?parent=399"}],"curies":[{"name":"wp","href":"https:\/\/api.w.org\/{rel}","templated":true}]}}