{"id":1160,"date":"2023-02-08T19:31:13","date_gmt":"2023-02-08T17:31:13","guid":{"rendered":"https:\/\/solmu.eu\/visio2060\/?page_id=1160"},"modified":"2023-02-08T19:33:21","modified_gmt":"2023-02-08T17:33:21","slug":"suur-leppavaaran-virkistysvisio-2050","status":"publish","type":"page","link":"https:\/\/solmu.eu\/visio2060\/yleiskaava-2060\/suur-leppavaaran-virkistysvisio-2050\/","title":{"rendered":"Suur-Lepp\u00e4vaaran virkistysvisio 2050"},"content":{"rendered":"<p>Lepp\u00e4vaaran, Matinkyl\u00e4n ja Tapiolan suuralueille on valmisteltu virkistysvisiot, joiden tavoitteena on luoda kokonaiskuvaa liikunta- ja virkistyspalveluiden tarpeesta ja varata virkistysalueille riitt\u00e4v\u00e4sti tilaa maank\u00e4yt\u00f6n suunnittelussa. Virkistysvisiot annetaan tiedoksi kaupunkisuunnittelulautakunnalle 15.2.2023.<br \/>\n<a href=\"https:\/\/espoo.oncloudos.com\/cgi\/DREQUEST.PHP?page=meetingitem&amp;id=2023845-7\">Dynasty tietopalvelu : Espoon kaupunki (oncloudos.com)<\/a><\/p>\n<p><a href=\"https:\/\/solmu.eu\/visio2060\/wp-content\/uploads\/2023\/02\/Suur-Leppavaaran-virkistysvisiokartta-scaled.jpg\"><img loading=\"lazy\" decoding=\"async\" class=\"alignnone size-large wp-image-1158\" style=\"width: 100%; max-width: 600px; border: 1px solid gray;\" src=\"https:\/\/solmu.eu\/visio2060\/wp-content\/uploads\/2023\/02\/Suur-Leppavaaran-virkistysvisiokartta-1024x722.jpg\" alt=\"\" width=\"1024\" height=\"722\" srcset=\"https:\/\/solmu.eu\/visio2060\/wp-content\/uploads\/2023\/02\/Suur-Leppavaaran-virkistysvisiokartta-1024x722.jpg 1024w, https:\/\/solmu.eu\/visio2060\/wp-content\/uploads\/2023\/02\/Suur-Leppavaaran-virkistysvisiokartta-300x212.jpg 300w, https:\/\/solmu.eu\/visio2060\/wp-content\/uploads\/2023\/02\/Suur-Leppavaaran-virkistysvisiokartta-768x542.jpg 768w, https:\/\/solmu.eu\/visio2060\/wp-content\/uploads\/2023\/02\/Suur-Leppavaaran-virkistysvisiokartta-1536x1083.jpg 1536w, https:\/\/solmu.eu\/visio2060\/wp-content\/uploads\/2023\/02\/Suur-Leppavaaran-virkistysvisiokartta-2048x1444.jpg 2048w\" sizes=\"auto, (max-width: 1024px) 100vw, 1024px\" \/><\/a><\/p>\n<p>Vuoteen 2050 t\u00e4ht\u00e4\u00e4v\u00e4t virkistysvisiot kehittyv\u00e4t ja muotoutuvat Espoon vuoteen 2060 t\u00e4ht\u00e4\u00e4v\u00e4n yleiskaavaty\u00f6n yhteydess\u00e4 sek\u00e4 tarkemmalla suunnittelutasolla. Yleiskaavaty\u00f6ss\u00e4 virkistysn\u00e4k\u00f6kulma yhteensovitetaan muiden yleiskaavan tavoitteiden ja n\u00e4k\u00f6kulmien kanssa. Esimerkiksi l\u00e4hipuistojen, yksitt\u00e4isten urheilulajien, kuntopolkujen tai pienten kaupunkiviljelmien sijainnit suunnitellaan tarkemmin asemakaavoituksessa ja yksityiskohtaisemmassa suunnittelussa.<\/p>\n","protected":false},"excerpt":{"rendered":"<p>Lepp\u00e4vaaran, Matinkyl\u00e4n ja Tapiolan suuralueille on valmisteltu virkistysvisiot, joiden tavoitteena on luoda kokonaiskuvaa liikunta- ja virkistyspalveluiden tarpeesta ja varata virkistysalueille riitt\u00e4v\u00e4sti tilaa maank\u00e4yt\u00f6n suunnittelussa. Virkistysvisiot annetaan tiedoksi kaupunkisuunnittelulautakunnalle 15.2.2023. Dynasty tietopalvelu : Espoon kaupunki (oncloudos.com) Vuoteen 2050 t\u00e4ht\u00e4\u00e4v\u00e4t virkistysvisiot kehittyv\u00e4t <span class=\"excerpt-dots\">&hellip;<\/span> <a class=\"more-link\" href=\"https:\/\/solmu.eu\/visio2060\/yleiskaava-2060\/suur-leppavaaran-virkistysvisio-2050\/\"><span class=\"more-msg\">Jatka lukemista &rarr;<\/span><\/a><\/p>\n","protected":false},"author":1,"featured_media":0,"parent":26,"menu_order":2,"comment_status":"closed","ping_status":"closed","template":"","meta":{"_exactmetrics_skip_tracking":false,"_exactmetrics_sitenote_active":false,"_exactmetrics_sitenote_note":"","_exactmetrics_sitenote_category":0,"_monsterinsights_skip_tracking":false,"_monsterinsights_sitenote_active":false,"_monsterinsights_sitenote_note":"","_monsterinsights_sitenote_category":0,"footnotes":""},"class_list":["post-1160","page","type-page","status-publish","hentry"],"aioseo_notices":[],"_links":{"self":[{"href":"https:\/\/solmu.eu\/visio2060\/wp-json\/wp\/v2\/pages\/1160","targetHints":{"allow":["GET"]}}],"collection":[{"href":"https:\/\/solmu.eu\/visio2060\/wp-json\/wp\/v2\/pages"}],"about":[{"href":"https:\/\/solmu.eu\/visio2060\/wp-json\/wp\/v2\/types\/page"}],"author":[{"embeddable":true,"href":"https:\/\/solmu.eu\/visio2060\/wp-json\/wp\/v2\/users\/1"}],"replies":[{"embeddable":true,"href":"https:\/\/solmu.eu\/visio2060\/wp-json\/wp\/v2\/comments?post=1160"}],"version-history":[{"count":1,"href":"https:\/\/solmu.eu\/visio2060\/wp-json\/wp\/v2\/pages\/1160\/revisions"}],"predecessor-version":[{"id":1161,"href":"https:\/\/solmu.eu\/visio2060\/wp-json\/wp\/v2\/pages\/1160\/revisions\/1161"}],"up":[{"embeddable":true,"href":"https:\/\/solmu.eu\/visio2060\/wp-json\/wp\/v2\/pages\/26"}],"wp:attachment":[{"href":"https:\/\/solmu.eu\/visio2060\/wp-json\/wp\/v2\/media?parent=1160"}],"curies":[{"name":"wp","href":"https:\/\/api.w.org\/{rel}","templated":true}]}}