{"id":654,"date":"2022-11-27T08:43:36","date_gmt":"2022-11-27T06:43:36","guid":{"rendered":"https:\/\/solmu.eu\/visio2060\/?page_id=654"},"modified":"2022-12-19T07:43:00","modified_gmt":"2022-12-19T05:43:00","slug":"tietoa-suur-leppavaarasta","status":"publish","type":"page","link":"https:\/\/solmu.eu\/visio2060\/yleiskaava-2060\/tietoa-suur-leppavaarasta\/","title":{"rendered":"Tietoa Suur-Lepp\u00e4vaarasta"},"content":{"rendered":"\n<h4 class=\"wp-block-heading\">Espoon suurin suuralue<\/h4>\n\n\n\n<p>Suur-Lepp\u00e4vaara (ruots. Stor-Alberga) on Espoon suuralue, joka koostuu Karakallion, Kilon, Laaksolahden, Lepp\u00e4vaaran, Lintuvaaran, Lippaj\u00e4rven, Sep\u00e4nkyl\u00e4n ja Viherlaakson kaupunginosista.<\/p>\n\n\n\n<p>Suur-Lepp\u00e4vaarassa asui vuoden 2021 lopussa 74 624 henkil\u00f6\u00e4, joten se on asukasluvultaan Espoon suurin suuralue. Asukasluvun odotetaan kasvavan sataantuhanteen vuoteen 2040 menness\u00e4. Suuralueen asukkaista vuonna 2006 Kanta-Lepp\u00e4vaarassa asui 23 951 henke\u00e4 (42,3 % v\u00e4est\u00f6st\u00e4), Kilon\u2013Karakallion alueella 13 455 henke\u00e4 (23,8 %), Laaksolahden alueella 9 078 henke\u00e4 (16,0 %), Viherlaakson alueella 9 021 henke\u00e4 (15,9 %) ja Sep\u00e4nkyl\u00e4n alueella 1 065 henke\u00e4 (1,9 %). Pinta-alaa suuralueella on 30,2 km2 (31.12.2004), ja se on 9,7 % Espoon kokonaispinta-alasta. Pinta-alasta on kaavoitettu 79,7 %. Alueen v\u00e4est\u00f6tiheys on 1 903,9 asukasta neli\u00f6kilometrill\u00e4.<\/p>\n\n\n\n<h4 class=\"wp-block-heading\">Lepp\u00e4vaara, yksi Espoon viidest\u00e4 kaupunkikeskuksesta<\/h4>\n\n\n\n<p>Lepp\u00e4vaara on Suur-Lepp\u00e4vaaran aluekeskus. Lepp\u00e4vaara on p\u00e4\u00e4kaupunkiseudun kolmanneksi suurin risteysasema, ja sielt\u00e4 p\u00e4\u00e4see k\u00e4tev\u00e4sti ja nopeasti junalla tai bussilla eri puolille p\u00e4\u00e4kaupunkiseutua. My\u00f6s Helsingin ja Turun v\u00e4lill\u00e4 kulkevat kaukojunat pys\u00e4htyv\u00e4t Lepp\u00e4vaarassa.<\/p>\n\n\n\n<p>Tuleva kaupunkirata ja Raide-Jokeri t\u00e4ydent\u00e4v\u00e4t entisest\u00e4\u00e4nkin hyvi\u00e4 Lepp\u00e4vaaran joukkoliikenneyhteyksi\u00e4. Raide-Jokerin reitti tulee kulkemaan Lepp\u00e4vaarasta Otaniemen kautta Keilaniemeen. <\/p>\n\n\n\n<p>Alueella sijaitsee k\u00e4vij\u00e4m\u00e4\u00e4rill\u00e4 mitattuna Suomen suurin kauppakeskus Sello, Suomen p\u00e4\u00e4ravirata Vermo, Espoon suurin urheilupuisto sek\u00e4 maauimala ja useita ratsastuskouluja. Lis\u00e4ksi alueella on useita kunnallisia ja yksityisi\u00e4 palveluja, kauppoja, oppilaitoksia, kouluja ja p\u00e4iv\u00e4koteja.<\/p>\n\n\n\n<p>Lepp\u00e4vaarassa on noin 30 000 ty\u00f6paikkaa eli nelj\u00e4nnes koko Espoon ty\u00f6paikoista. T\u00e4rkeimm\u00e4t toimialat ovat v\u00e4hitt\u00e4is- ja tukkukauppa, informaatioala ja koulutus. Lepp\u00e4vaara on Suomen suurin informaatio- ja teknologia-alan keskittym\u00e4.<\/p>\n\n\n\n<p>Raide-Jokerin reitti kulkee aivan Sellon kauppakeskuksen ja juna-aseman vierest\u00e4 mahdollistaen sujuvat vaihtoyhteydet. Raide-Jokeri aloittaa liikenn\u00f6innin vuoden 2023 lopulla.<\/p>\n\n\n\n<p>Lepp\u00e4vaaran liikenneyhteydet paranevat entisest\u00e4\u00e4n, kun suunnitteilla oleva kaupunkirata valmistuu vuonna 2028. Kaupunkirata koostuu kahdesta lis\u00e4raiteesta Lepp\u00e4vaaran ja Kauklahden v\u00e4lill\u00e4. Samalla parannetaan radan varren py\u00f6r\u00e4ilyreittej\u00e4.<\/p>\n\n\n\n<h4 class=\"wp-block-heading\">Urheilu- ja virkistysalueet<\/h4>\n\n\n\n<p>Lepp\u00e4vaaran urheilupuistoon on rakenteilla uusi urheilu- ja monitoimihalli palveluineen. Halli on osittain kaksikerroksinen. Yleisurheilukent\u00e4n ja 200 metrin sis\u00e4juoksuradan lis\u00e4ksi halliin tulee useita eri k\u00e4ytt\u00f6\u00f6n soveltuvia pelikentti\u00e4 ja urheilusaleja sek\u00e4 toimistotiloja ja kahvila. Monitoimihalli mahdollistaa my\u00f6s konserttien ja erilaisten messujen j\u00e4rjest\u00e4misen Lepp\u00e4vaarassa. Halli valmistuu kev\u00e4\u00e4ll\u00e4 2023.<\/p>\n\n\n\n<p>Ulkoliikuntamahdollisuuksia ja palveluita parannetaan my\u00f6s Laaksolahden urheilupuistossa, jonka erityispiirteen\u00e4 on ranta-alue. Urheilupuistoon on tulossa muun muassa skeittialue, lasten leikkipaikka, aloittelijoille suunnattu yhdeks\u00e4nreik\u00e4inen frisbeegolfrata ja rannan tuntumaan kuntoilulaitteet. Alueen keskelle kaavailtuun uudisrakennukseen on suunniteltu pukuhuoneita, kuntosalia, nuorisotilaa ja kahvilapalveluita. Lis\u00e4ksi tennishallia laajennetaan ja alueen liikenne- ja pys\u00e4k\u00f6intij\u00e4rjestelyj\u00e4 muutetaan toimivimmiksi ja turvallisemmiksi. Laaksolahden urheilupuiston suunnittelussa ja rakentamisessa huomioidaan alueen suojeltavat rakennukset ja luontoarvot.<\/p>\n\n\n\n<h4 class=\"wp-block-heading\">Kera &#8211; kest\u00e4v\u00e4\u00e4 kaupunkikehityst\u00e4<\/h4>\n\n\n\n<p>Kerassa toteutetaan kest\u00e4v\u00e4\u00e4 kaupunkia eri kehitt\u00e4misteemoissa. Alueella panostetaan v\u00e4h\u00e4hiiliseen rakentamiseen, kest\u00e4v\u00e4\u00e4n liikkumiseen, uusiutuvaan energiaj\u00e4rjestelm\u00e4\u00e4n, kiertotalouteen, toimiviin palveluihin ja digitaalisiin ratkaisuihin.<\/p>\n\n\n\n<p><a href=\"https:\/\/www.espoo.fi\/fi\/keran-tulevaisuus-0\">Keran tulevaisuus | Espoon kaupunki<\/a><\/p>\n\n\n\n<h4 class=\"wp-block-heading\">Viherlaakso<\/h4>\n\n\n\n<p>Viherlaaksoon luodaan yhteisty\u00f6ss\u00e4 asukkaiden, yritysten edustajien ja muiden alueen toimijoiden kanssa pitk\u00e4nt\u00e4ht\u00e4imen suunnitelma &#8211; Viherlaakso 2040. Ty\u00f6ss\u00e4 luodaan Viherlaakson kehitt\u00e4misen periaatteet. Viherlaakso 2040 -suunnitelman tarkoitus ei ole olla yksityiskohtainen vaan suuntaviivoja antava. Varmasti vuosikymmenten aikana tavoitteet muuttuvat ja kehittyv\u00e4t, mutta nyt muodostettava n\u00e4kemys antaisi sys\u00e4yksen alueen kehitt\u00e4miselle. Ty\u00f6st\u00e4 vastaa kaupunkisuunnittelukeskus ja sen on arvioitu valmistuvan syksyll\u00e4 2022.<\/p>\n\n\n\n<h4 class=\"wp-block-heading\">Karakallio<\/h4>\n\n\n\n<p>Karakallion ostoskeskuksen uudistus on vireill\u00e4. Ostoskeskuksen ja siihen liittyvien pys\u00e4k\u00f6intialueiden tilalle suunnitellaan uusi korttelikokonaisuus, johon sis\u00e4ltyy asuinkerrostalojen ja pys\u00e4k\u00f6intitalon lis\u00e4ksi kaupunginosan tarpeita palvelevia liiketiloja. Rakennusoikeus on kasvamassa, ja sit\u00e4 on tulossa yhteens\u00e4 13 100 kerrosneli\u00f6metri\u00e4, josta liike-, palvelu- tai toimistotiloille on varattu v\u00e4hint\u00e4\u00e4n 1 100 kerrosneli\u00f6metri\u00e4.<\/p>\n\n\n\n<p><a href=\"https:\/\/espoo.oncloudos.com\/cgi\/DREQUEST.PHP?page=meetingitem&amp;id=2022813-16\" target=\"_blank\" rel=\"noreferrer noopener\">Karakallion keskustan asemakaavan muutos<\/a><\/p>\n\n\n\n<p>Karakallion rakennuskanta koostuu p\u00e4\u00e4osin 1960-1990-luvuilla v\u00e4lill\u00e4 rakennetuista kerrostaloista. L\u00e4hivuosien t\u00e4ydennysrakentaminen tulee tiivist\u00e4m\u00e4\u00e4n asuinaluetta ja lis\u00e4\u00e4m\u00e4\u00e4n alueen v\u00e4kim\u00e4\u00e4r\u00e4\u00e4.<\/p>\n\n\n\n<h4 class=\"wp-block-heading\">Muut kaupunginosat<\/h4>\n\n\n\n<p><\/p>\n","protected":false},"excerpt":{"rendered":"<p>Espoon suurin suuralue Suur-Lepp\u00e4vaara (ruots. Stor-Alberga) on Espoon suuralue, joka koostuu Karakallion, Kilon, Laaksolahden, Lepp\u00e4vaaran, Lintuvaaran, Lippaj\u00e4rven, Sep\u00e4nkyl\u00e4n ja Viherlaakson kaupunginosista. Suur-Lepp\u00e4vaarassa asui vuoden 2021 lopussa 74 624 henkil\u00f6\u00e4, joten se on asukasluvultaan Espoon suurin suuralue. Asukasluvun odotetaan kasvavan sataantuhanteen <span class=\"excerpt-dots\">&hellip;<\/span> <a class=\"more-link\" href=\"https:\/\/solmu.eu\/visio2060\/yleiskaava-2060\/tietoa-suur-leppavaarasta\/\"><span class=\"more-msg\">Jatka lukemista &rarr;<\/span><\/a><\/p>\n","protected":false},"author":1,"featured_media":0,"parent":26,"menu_order":0,"comment_status":"closed","ping_status":"closed","template":"","meta":{"_exactmetrics_skip_tracking":false,"_exactmetrics_sitenote_active":false,"_exactmetrics_sitenote_note":"","_exactmetrics_sitenote_category":0,"_monsterinsights_skip_tracking":false,"_monsterinsights_sitenote_active":false,"_monsterinsights_sitenote_note":"","_monsterinsights_sitenote_category":0,"footnotes":""},"class_list":["post-654","page","type-page","status-publish","hentry"],"aioseo_notices":[],"_links":{"self":[{"href":"https:\/\/solmu.eu\/visio2060\/wp-json\/wp\/v2\/pages\/654","targetHints":{"allow":["GET"]}}],"collection":[{"href":"https:\/\/solmu.eu\/visio2060\/wp-json\/wp\/v2\/pages"}],"about":[{"href":"https:\/\/solmu.eu\/visio2060\/wp-json\/wp\/v2\/types\/page"}],"author":[{"embeddable":true,"href":"https:\/\/solmu.eu\/visio2060\/wp-json\/wp\/v2\/users\/1"}],"replies":[{"embeddable":true,"href":"https:\/\/solmu.eu\/visio2060\/wp-json\/wp\/v2\/comments?post=654"}],"version-history":[{"count":10,"href":"https:\/\/solmu.eu\/visio2060\/wp-json\/wp\/v2\/pages\/654\/revisions"}],"predecessor-version":[{"id":920,"href":"https:\/\/solmu.eu\/visio2060\/wp-json\/wp\/v2\/pages\/654\/revisions\/920"}],"up":[{"embeddable":true,"href":"https:\/\/solmu.eu\/visio2060\/wp-json\/wp\/v2\/pages\/26"}],"wp:attachment":[{"href":"https:\/\/solmu.eu\/visio2060\/wp-json\/wp\/v2\/media?parent=654"}],"curies":[{"name":"wp","href":"https:\/\/api.w.org\/{rel}","templated":true}]}}