{"id":773,"date":"2022-12-09T08:23:01","date_gmt":"2022-12-09T06:23:01","guid":{"rendered":"https:\/\/solmu.eu\/visio2060\/?page_id=773"},"modified":"2023-04-24T10:26:47","modified_gmt":"2023-04-24T07:26:47","slug":"kaupalliset-palvelut","status":"publish","type":"page","link":"https:\/\/solmu.eu\/visio2060\/kaupalliset-palvelut\/","title":{"rendered":"Kaupalliset palvelut"},"content":{"rendered":"\r\n<h4>Kauppa- ja ostoskesk<span style=\"font-family: inherit; font-size: 20px;\">ukset<\/span><\/h4>\r\n<ul class=\"wp-block-list\" style=\"margin-bottom: 1em;\">\r\n<li>Millainen on tulevaisuuden kauppakeskus \u2013 tavaroista el\u00e4myksiin?<\/li>\r\n\r\n\r\n\r\n<li>Miten l\u00e4hi\u00f6iden ostoskeskukset saadaan el\u00e4viksi?<\/li>\r\n<li>Miten liiketilat sijoittuvat alueella?<\/li>\r\n<li>Miten uudet liiketoimintojen muodot vaikuttavat?<\/li>\r\n<\/ul>\r\n<p><a href=\"https:\/\/static.espoo.fi\/cdn\/ff\/Or4P2vRr4RKrPFT4T64WozyVRKvYlKYyoTVDbTNeulU\/1624972995\/public\/2021-06\/Espoon%20kaupan%20palveluverkkoselvitys%20ja%20-suunnitelma%202030%202011.pdf\" target=\"_blank\" rel=\"noopener\">Espoon kaupan palveluverkkoselvitys ja -suunnitelma 2030<\/a>, Kaupunkisuunnittelukeskus 2011<br \/><a href=\"https:\/\/static.espoo.fi\/cdn\/ff\/ofQmuwJh6ureAmVYXcUNjUXaYkB3qh4I_KkfVH9LF_U\/1679920183\/public\/2023-03\/213104%20Pohjantori%20Espoon%20ostoskeskusten%20inventointi%202021.pdf\" target=\"_blank\" rel=\"noopener\">Espoon ostoskeskusten inventointi<\/a>, Kaupunkisuunnittelukeskus 2021<\/p>\r\n<p style=\"margin-top: 1em;\">Kauppakeskus Sello Lepp\u00e4vaarassa on pinta-alaltaan Suomen toiseksi suurin kauppakeskus Ideaparkin j\u00e4lkeen ja k\u00e4vij\u00e4m\u00e4\u00e4r\u00e4lt\u00e4\u00e4n Suomen toiseksi vilkkain kauppakeskus Helsingin Kampin j\u00e4lkeen.\u00a0Sellossa on yli 170 liikett\u00e4, joista suurimpia ovat Prisma, K-Citymarket, Power, Tokmanni, Halonen, H&amp;M, ja Intersport Megastore. Sellossa on my\u00f6s julkisia palveluita, kuten Sellon kirjasto (k\u00e4vij\u00f6it\u00e4 3 000 p\u00e4iv\u00e4ss\u00e4), musiikkiopisto, yhteispalvelupiste ja Sellosali. Lis\u00e4ksi kauppakeskuksen yhteydess\u00e4 on Sello Vapaa-ajankeskus, jossa toimii elokuvateatteri, keilahalli, useita ravintoloita ja Lidl. Sellon kokonaisuuteen kuuluu my\u00f6s Hotel GLO Sello sek\u00e4 8-kerroksinen asuintalo Sellonkulma.<\/p>\r\n<h4>Verkkokauppa<\/h4>\r\n<ul>\r\n<li>globaali kauppa<\/li>\r\n\r\n\r\n\r\n<li>uudet kuljetusv\u00e4lineet, esim. multikopterit<\/li>\r\n<\/ul>\r\n\r\n<p>&nbsp;<\/p>\r\n<!-- \/wp:list-item -->\r\n<p><!-- \/wp:list --><\/p>\r\n<ul><!-- \/wp:list-item -->\r\n\r\n<!-- wp:list-item --><!-- \/wp:list-item --><\/ul>\r\n<!-- \/wp:list -->","protected":false},"excerpt":{"rendered":"<p>&nbsp;<\/p>\n <a class=\"more-link\" href=\"https:\/\/solmu.eu\/visio2060\/kaupalliset-palvelut\/\"><span class=\"more-msg\">Jatka lukemista &rarr;<\/span><\/a>","protected":false},"author":1,"featured_media":0,"parent":0,"menu_order":0,"comment_status":"closed","ping_status":"closed","template":"","meta":{"_exactmetrics_skip_tracking":false,"_exactmetrics_sitenote_active":false,"_exactmetrics_sitenote_note":"","_exactmetrics_sitenote_category":0,"_monsterinsights_skip_tracking":false,"_monsterinsights_sitenote_active":false,"_monsterinsights_sitenote_note":"","_monsterinsights_sitenote_category":0,"footnotes":""},"class_list":["post-773","page","type-page","status-publish","hentry"],"aioseo_notices":[],"_links":{"self":[{"href":"https:\/\/solmu.eu\/visio2060\/wp-json\/wp\/v2\/pages\/773","targetHints":{"allow":["GET"]}}],"collection":[{"href":"https:\/\/solmu.eu\/visio2060\/wp-json\/wp\/v2\/pages"}],"about":[{"href":"https:\/\/solmu.eu\/visio2060\/wp-json\/wp\/v2\/types\/page"}],"author":[{"embeddable":true,"href":"https:\/\/solmu.eu\/visio2060\/wp-json\/wp\/v2\/users\/1"}],"replies":[{"embeddable":true,"href":"https:\/\/solmu.eu\/visio2060\/wp-json\/wp\/v2\/comments?post=773"}],"version-history":[{"count":11,"href":"https:\/\/solmu.eu\/visio2060\/wp-json\/wp\/v2\/pages\/773\/revisions"}],"predecessor-version":[{"id":1215,"href":"https:\/\/solmu.eu\/visio2060\/wp-json\/wp\/v2\/pages\/773\/revisions\/1215"}],"wp:attachment":[{"href":"https:\/\/solmu.eu\/visio2060\/wp-json\/wp\/v2\/media?parent=773"}],"curies":[{"name":"wp","href":"https:\/\/api.w.org\/{rel}","templated":true}]}}